{"id":525,"date":"2023-05-22T08:30:34","date_gmt":"2023-05-22T08:30:34","guid":{"rendered":"https:\/\/hdadvice.cat\/promocion-municipal\/"},"modified":"2023-05-22T10:34:47","modified_gmt":"2023-05-22T10:34:47","slug":"promocion-municipal","status":"publish","type":"page","link":"https:\/\/hdadvice.cat\/es\/promocion-municipal\/","title":{"rendered":"Promoci\u00f3n municipal"},"content":{"rendered":"\n<style type=\"text\/css\" data-created_by=\"avia_inline_auto\" id=\"style-css-av-lftrqyy9-3bcca84651b40ad1645dfc23f5a16d3b\">\n.avia-section.av-lftrqyy9-3bcca84651b40ad1645dfc23f5a16d3b{\nbackground-repeat:no-repeat;\nbackground-image:url(https:\/\/hdadvice.cat\/wp-content\/uploads\/2023\/05\/PAGINA-WEB-HDADVICE-7.jpg);\nbackground-position:50% 50%;\nbackground-attachment:scroll;\n}\n<\/style>\n<div id='av_section_1'  class='avia-section av-lftrqyy9-3bcca84651b40ad1645dfc23f5a16d3b main_color avia-section-default avia-no-border-styling  avia-builder-el-0  el_before_av_heading  avia-builder-el-first  avia-full-stretch avia-bg-style-scroll av-minimum-height av-minimum-height-35 av-height-percent  container_wrap sidebar_right'  data-section-bg-repeat='stretch' data-av_minimum_height_pc='35' data-av_min_height_opt='percent'><div class='container av-section-cont-open' ><main  role=\"main\" itemprop=\"mainContentOfPage\"  class='template-page content  av-content-small alpha units'><div class='post-entry post-entry-type-page post-entry-525'><div class='entry-content-wrapper clearfix'>\n\n<style type=\"text\/css\" data-created_by=\"avia_inline_auto\" id=\"style-css-av-lfts7448-8005e8b273a3eed02ab0434f94df65b3\">\n#top .av-special-heading.av-lfts7448-8005e8b273a3eed02ab0434f94df65b3{\npadding-bottom:10px;\ncolor:#ffffff;\n}\nbody .av-special-heading.av-lfts7448-8005e8b273a3eed02ab0434f94df65b3 .av-special-heading-tag .heading-char{\nfont-size:25px;\n}\n.av-special-heading.av-lfts7448-8005e8b273a3eed02ab0434f94df65b3 .special-heading-inner-border{\nborder-color:#ffffff;\n}\n.av-special-heading.av-lfts7448-8005e8b273a3eed02ab0434f94df65b3 .av-subheading{\nfont-size:15px;\n}\n<\/style>\n<div  class='av-special-heading av-lfts7448-8005e8b273a3eed02ab0434f94df65b3 av-special-heading-h1 custom-color-heading blockquote modern-quote modern-centered  avia-builder-el-1  el_before_av_textblock  avia-builder-el-first '><h1 class='av-special-heading-tag '  itemprop=\"headline\"  >Promoci\u00f3n municipal<\/h1><div class=\"special-heading-border\"><div class=\"special-heading-inner-border\"><\/div><\/div><\/div>\n<section  class='av_textblock_section av-lfts803s-26e8be0a98a1c5ce8f53e30a6c3a076b '   itemscope=\"itemscope\" itemtype=\"https:\/\/schema.org\/CreativeWork\" ><div class='avia_textblock'  itemprop=\"text\" ><p style=\"text-align: center;\"><div class=\"breadcrumb breadcrumbs avia-breadcrumbs\"><div class=\"breadcrumb-trail\" ><span  itemscope=\"itemscope\" itemtype=\"https:\/\/schema.org\/BreadcrumbList\" ><span  itemscope=\"itemscope\" itemtype=\"https:\/\/schema.org\/ListItem\" itemprop=\"itemListElement\" ><a itemprop=\"url\" href=\"https:\/\/hdadvice.cat\/es\/\" title=\"HDAdvice\" rel=\"home\" class=\"trail-begin\"><span itemprop=\"name\">Inicio<\/span><\/a><span itemprop=\"position\" class=\"hidden\">1<\/span><\/span><\/span><\/div><\/div><\/p>\n<\/div><\/section>\n<\/div><\/div><\/main><!-- close content main element --><\/div><\/div><div id='after_section_1'  class='main_color av_default_container_wrap container_wrap sidebar_right'  ><div class='container av-section-cont-open' ><div class='template-page content  av-content-small alpha units'><div class='post-entry post-entry-type-page post-entry-525'><div class='entry-content-wrapper clearfix'>\n\n<style type=\"text\/css\" data-created_by=\"avia_inline_auto\" id=\"style-css-av-lftsqzx6-32d87e296fb9c13ea08318f60d032fce\">\n#top .av-special-heading.av-lftsqzx6-32d87e296fb9c13ea08318f60d032fce{\npadding-bottom:10px;\n}\nbody .av-special-heading.av-lftsqzx6-32d87e296fb9c13ea08318f60d032fce .av-special-heading-tag .heading-char{\nfont-size:25px;\n}\n.av-special-heading.av-lftsqzx6-32d87e296fb9c13ea08318f60d032fce .av-subheading{\nfont-size:15px;\n}\n<\/style>\n<div  class='av-special-heading av-lftsqzx6-32d87e296fb9c13ea08318f60d032fce av-special-heading-h1 blockquote modern-quote modern-centered  avia-builder-el-3  el_after_av_section  el_before_av_one_full  avia-builder-el-first '><h1 class='av-special-heading-tag '  itemprop=\"headline\"  >Tenemos grandes ideas originales<\/h1><div class=\"special-heading-border\"><div class=\"special-heading-inner-border\"><\/div><\/div><\/div>\n<div  class='flex_column av-22fnou-8f73a76bf114af64e470545f0860398a av_one_full  avia-builder-el-4  el_after_av_heading  el_before_av_one_third  first flex_column_div  '     ><section  class='av_textblock_section av-lftsu5t2-f63f039650ff8909235f5d13bbc9d095 '   itemscope=\"itemscope\" itemtype=\"https:\/\/schema.org\/CreativeWork\" ><div class='avia_textblock'  itemprop=\"text\" ><blockquote>\n<p style=\"text-align: left;\">La promoci\u00f3n municipal es esencial para los pueblos, ya que ayuda a atraer a visitantes, fomentar el turismo y generar una econom\u00eda m\u00e1s pr\u00f3spera. Una estrategia de promoci\u00f3n bien dise\u00f1ada puede ayudar a crear una imagen positiva del municipio y aumentar su visibilidad en el mercado tur\u00edstico. Adem\u00e1s, la promoci\u00f3n municipal puede ayudar a destacar las caracter\u00edsticas \u00fanicas del sitio, como su historia, cultura y gastronom\u00eda, y atraer a visitantes que est\u00e9n interesados en estas experiencias.<\/p>\n<\/blockquote>\n<\/div><\/section><\/div>\n<div  class='flex_column av-1yeojy-707cc0d6da93e51eca978e2b09e925f1 av_one_third  avia-builder-el-6  el_after_av_one_full  el_before_av_one_third  first flex_column_div  column-top-margin'     ><style type=\"text\/css\" data-created_by=\"avia_inline_auto\" id=\"style-css-av-lftt0rr1-4a2da4ce4b8263c61ebd45e2b7f620f1\">\n.iconbox.av-lftt0rr1-4a2da4ce4b8263c61ebd45e2b7f620f1 .iconbox_icon{\ncolor:#005f84;\n}\n.iconbox.av-lftt0rr1-4a2da4ce4b8263c61ebd45e2b7f620f1 .iconbox_icon.avia-svg-icon svg:first-child{\nfill:#005f84;\nstroke:#005f84;\n}\n<\/style>\n<article  class='iconbox iconbox_left_content av-lftt0rr1-4a2da4ce4b8263c61ebd45e2b7f620f1 av-icon-style-no-border  avia-builder-el-7  avia-builder-el-no-sibling '  itemscope=\"itemscope\" itemtype=\"https:\/\/schema.org\/CreativeWork\" ><div class='iconbox_icon heading-color avia-iconfont avia-font-entypo-fontello' data-av_icon='\ue84d' data-av_iconfont='entypo-fontello'  ><\/div><div class=\"iconbox_content\"><header class=\"entry-content-header\" aria-label=\"Icon: Cartel de los actos\"><h3 class='iconbox_content_title '  itemprop=\"headline\" >Cartel de los actos<\/h3><\/header><div class='iconbox_content_container '  itemprop=\"text\" ><p>Dise\u00f1amos en menos de 24h los carteles de los actos del ente.<\/p>\n<\/div><\/div><footer class=\"entry-footer\"><\/footer><\/article><\/div>\n<div  class='flex_column av-1py0ym-7e27e767330c92508c015908ee044975 av_one_third  avia-builder-el-8  el_after_av_one_third  el_before_av_one_third  flex_column_div  column-top-margin'     ><style type=\"text\/css\" data-created_by=\"avia_inline_auto\" id=\"style-css-av-1n01di-84fe61a457a7b8f7e0d815606cc0ce64\">\n.iconbox.av-1n01di-84fe61a457a7b8f7e0d815606cc0ce64 .iconbox_icon{\ncolor:#005f84;\n}\n.iconbox.av-1n01di-84fe61a457a7b8f7e0d815606cc0ce64 .iconbox_icon.avia-svg-icon svg:first-child{\nfill:#005f84;\nstroke:#005f84;\n}\n<\/style>\n<article  class='iconbox iconbox_left_content av-1n01di-84fe61a457a7b8f7e0d815606cc0ce64 av-icon-style-no-border  avia-builder-el-9  avia-builder-el-no-sibling '  itemscope=\"itemscope\" itemtype=\"https:\/\/schema.org\/CreativeWork\" ><div class='iconbox_icon heading-color avia-iconfont avia-font-entypo-fontello' data-av_icon='\ue84e' data-av_iconfont='entypo-fontello'  ><\/div><div class=\"iconbox_content\"><header class=\"entry-content-header\" aria-label=\"Icon: Boletines y revistas\"><h3 class='iconbox_content_title '  itemprop=\"headline\" >Boletines y revistas<\/h3><\/header><div class='iconbox_content_container '  itemprop=\"text\" ><p>Editamos, coordinamos y redactamos boletines y revistas corporativos.<\/p>\n<\/div><\/div><footer class=\"entry-footer\"><\/footer><\/article><\/div>\n<div  class='flex_column av-1gj5vy-365d4e9aab7982662c9b5a0e8a9af717 av_one_third  avia-builder-el-10  el_after_av_one_third  el_before_av_hr  flex_column_div  column-top-margin'     ><style type=\"text\/css\" data-created_by=\"avia_inline_auto\" id=\"style-css-av-16ekvy-f4f0d5b10cc40d2cf60733186180e578\">\n.iconbox.av-16ekvy-f4f0d5b10cc40d2cf60733186180e578 .iconbox_icon{\ncolor:#005f84;\n}\n.iconbox.av-16ekvy-f4f0d5b10cc40d2cf60733186180e578 .iconbox_icon.avia-svg-icon svg:first-child{\nfill:#005f84;\nstroke:#005f84;\n}\n<\/style>\n<article  class='iconbox iconbox_left_content av-16ekvy-f4f0d5b10cc40d2cf60733186180e578 av-icon-style-no-border  avia-builder-el-11  avia-builder-el-no-sibling '  itemscope=\"itemscope\" itemtype=\"https:\/\/schema.org\/CreativeWork\" ><div class='iconbox_icon heading-color avia-iconfont avia-font-entypo-fontello' data-av_icon='\ue80a' data-av_iconfont='entypo-fontello'  ><\/div><div class=\"iconbox_content\"><header class=\"entry-content-header\" aria-label=\"Icon: Presentaci\u00f3n de actos\"><h3 class='iconbox_content_title '  itemprop=\"headline\" >Presentaci\u00f3n de actos<\/h3><\/header><div class='iconbox_content_container '  itemprop=\"text\" ><p>Presentamos actos p\u00fablicos o privados con servicio personalizado.<\/p>\n<\/div><\/div><footer class=\"entry-footer\"><\/footer><\/article><\/div>\n\n<style type=\"text\/css\" data-created_by=\"avia_inline_auto\" id=\"style-css-av-lfu4umwz-8a31535ba680df0867d9658249cc7e1a\">\n#top .hr.hr-invisible.av-lfu4umwz-8a31535ba680df0867d9658249cc7e1a{\nheight:50px;\n}\n<\/style>\n<div  class='hr av-lfu4umwz-8a31535ba680df0867d9658249cc7e1a hr-invisible  avia-builder-el-12  el_after_av_one_third  el_before_av_hr '><span class='hr-inner '><span class=\"hr-inner-style\"><\/span><\/span><\/div>\n\n<style type=\"text\/css\" data-created_by=\"avia_inline_auto\" id=\"style-css-av-8fexq-259fa05db3a071a338c6a3768d5c2285\">\n#top .hr.hr-invisible.av-8fexq-259fa05db3a071a338c6a3768d5c2285{\nheight:50px;\n}\n<\/style>\n<div  class='hr av-8fexq-259fa05db3a071a338c6a3768d5c2285 hr-invisible  avia-builder-el-13  el_after_av_hr  el_before_av_one_half '><span class='hr-inner '><span class=\"hr-inner-style\"><\/span><\/span><\/div>\n<div  class='flex_column av-1j2vl2-7d34f13a74fcb612f6378cb3d3e243f8 av_one_half  avia-builder-el-14  el_after_av_hr  el_before_av_one_half  first flex_column_div  '     ><style type=\"text\/css\" data-created_by=\"avia_inline_auto\" id=\"style-css-av-lfu4s7s5-91f0b9331c00d02fa68437ce3f91dcf8\">\n.avia-image-container.av-lfu4s7s5-91f0b9331c00d02fa68437ce3f91dcf8 img.avia_image{\nbox-shadow:none;\n}\n.avia-image-container.av-lfu4s7s5-91f0b9331c00d02fa68437ce3f91dcf8 .av-image-caption-overlay-center{\ncolor:#ffffff;\n}\n<\/style>\n<div  class='avia-image-container av-lfu4s7s5-91f0b9331c00d02fa68437ce3f91dcf8 av-styling- avia-align-center  avia-builder-el-15  avia-builder-el-no-sibling '   itemprop=\"image\" itemscope=\"itemscope\" itemtype=\"https:\/\/schema.org\/ImageObject\" ><div class=\"avia-image-container-inner\"><div class=\"avia-image-overlay-wrap\"><img decoding=\"async\" fetchpriority=\"high\" class='wp-image-336 avia-img-lazy-loading-not-336 avia_image ' src=\"https:\/\/hdadvice.cat\/wp-content\/uploads\/2023\/05\/Disseny-sense-titol-300x300.jpg\" alt='' title='Disseny sense t\u00edtol'  height=\"300\" width=\"300\"  itemprop=\"thumbnailUrl\" srcset=\"https:\/\/hdadvice.cat\/wp-content\/uploads\/2023\/05\/Disseny-sense-titol-300x300.jpg 300w, https:\/\/hdadvice.cat\/wp-content\/uploads\/2023\/05\/Disseny-sense-titol-1030x1030.jpg 1030w, https:\/\/hdadvice.cat\/wp-content\/uploads\/2023\/05\/Disseny-sense-titol-80x80.jpg 80w, https:\/\/hdadvice.cat\/wp-content\/uploads\/2023\/05\/Disseny-sense-titol-768x768.jpg 768w, https:\/\/hdadvice.cat\/wp-content\/uploads\/2023\/05\/Disseny-sense-titol-36x36.jpg 36w, https:\/\/hdadvice.cat\/wp-content\/uploads\/2023\/05\/Disseny-sense-titol-180x180.jpg 180w, https:\/\/hdadvice.cat\/wp-content\/uploads\/2023\/05\/Disseny-sense-titol-705x705.jpg 705w, https:\/\/hdadvice.cat\/wp-content\/uploads\/2023\/05\/Disseny-sense-titol.jpg 1080w\" sizes=\"(max-width: 300px) 100vw, 300px\" \/><\/div><\/div><\/div><\/div>\n<div  class='flex_column av-1f4y0m-f3c385c88b20047a2f4315830b7af2da av_one_half  avia-builder-el-16  el_after_av_one_half  avia-builder-el-last  flex_column_div  '     ><section  class='av_textblock_section av-ijjqe-5f28f4d8df1d8a1bebf42e2154e3dab2 '   itemscope=\"itemscope\" itemtype=\"https:\/\/schema.org\/CreativeWork\" ><div class='avia_textblock'  itemprop=\"text\" ><h2>Originalidad y promoci\u00f3n efectiva.<\/h2>\n<blockquote>\n<p>La originalidad en la promoci\u00f3n municipal es fundamental para la dinamizaci\u00f3n del territorio.<\/p>\n<\/blockquote>\n<p>Pero para conseguir una promoci\u00f3n efectiva y duradera, es necesario que \u00e9sta sea original y diferencial, que destaque de los dem\u00e1s territorios y atraiga la atenci\u00f3n de los visitantes y potenciales clientes.<\/p>\n<p>Una promoci\u00f3n original implica la creaci\u00f3n de una imagen propia, basada en las caracter\u00edsticas y singularidades del territorio y sus gentes, y en su capacidad para ofrecer experiencias \u00fanicas a los visitantes.<\/p>\n<p>As\u00ed, una promoci\u00f3n municipal original puede convertirse en factor clave para el desarrollo econ\u00f3mico y social del territorio.<\/p>\n<\/div><\/section><\/div>\n","protected":false},"excerpt":{"rendered":"","protected":false},"author":3,"featured_media":0,"parent":0,"menu_order":0,"comment_status":"closed","ping_status":"closed","template":"","meta":{"footnotes":""},"class_list":["post-525","page","type-page","status-publish","hentry"],"yoast_head":"<!-- This site is optimized with the Yoast SEO plugin v27.2 - https:\/\/yoast.com\/product\/yoast-seo-wordpress\/ -->\n<title>Promoci\u00f3n municipal - HDAdvice<\/title>\n<meta name=\"robots\" content=\"index, follow, max-snippet:-1, max-image-preview:large, max-video-preview:-1\" \/>\n<link rel=\"canonical\" href=\"https:\/\/hdadvice.cat\/es\/promocion-municipal\/\" \/>\n<meta property=\"og:locale\" content=\"es_ES\" \/>\n<meta property=\"og:type\" content=\"article\" \/>\n<meta property=\"og:title\" content=\"Promoci\u00f3n municipal - HDAdvice\" \/>\n<meta property=\"og:url\" content=\"https:\/\/hdadvice.cat\/es\/promocion-municipal\/\" \/>\n<meta property=\"og:site_name\" content=\"HDAdvice\" \/>\n<meta property=\"article:modified_time\" content=\"2023-05-22T10:34:47+00:00\" \/>\n<meta name=\"twitter:card\" content=\"summary_large_image\" \/>\n<meta name=\"twitter:label1\" content=\"Tiempo de lectura\" \/>\n\t<meta name=\"twitter:data1\" content=\"15 minutos\" \/>\n<script type=\"application\/ld+json\" class=\"yoast-schema-graph\">{\"@context\":\"https:\/\/schema.org\",\"@graph\":[{\"@type\":\"WebPage\",\"@id\":\"https:\/\/hdadvice.cat\/es\/promocion-municipal\/\",\"url\":\"https:\/\/hdadvice.cat\/es\/promocion-municipal\/\",\"name\":\"Promoci\u00f3n municipal - HDAdvice\",\"isPartOf\":{\"@id\":\"https:\/\/hdadvice.cat\/#website\"},\"datePublished\":\"2023-05-22T08:30:34+00:00\",\"dateModified\":\"2023-05-22T10:34:47+00:00\",\"breadcrumb\":{\"@id\":\"https:\/\/hdadvice.cat\/es\/promocion-municipal\/#breadcrumb\"},\"inLanguage\":\"es\",\"potentialAction\":[{\"@type\":\"ReadAction\",\"target\":[\"https:\/\/hdadvice.cat\/es\/promocion-municipal\/\"]}]},{\"@type\":\"BreadcrumbList\",\"@id\":\"https:\/\/hdadvice.cat\/es\/promocion-municipal\/#breadcrumb\",\"itemListElement\":[{\"@type\":\"ListItem\",\"position\":1,\"name\":\"Inici\",\"item\":\"https:\/\/hdadvice.cat\/es\/inicio\/\"},{\"@type\":\"ListItem\",\"position\":2,\"name\":\"Promoci\u00f3n municipal\"}]},{\"@type\":\"WebSite\",\"@id\":\"https:\/\/hdadvice.cat\/#website\",\"url\":\"https:\/\/hdadvice.cat\/\",\"name\":\"HDAdvice\",\"description\":\"Transpar\u00e8ncia i ocupaci\u00f3 pel vostre ajuntament\",\"potentialAction\":[{\"@type\":\"SearchAction\",\"target\":{\"@type\":\"EntryPoint\",\"urlTemplate\":\"https:\/\/hdadvice.cat\/?s={search_term_string}\"},\"query-input\":{\"@type\":\"PropertyValueSpecification\",\"valueRequired\":true,\"valueName\":\"search_term_string\"}}],\"inLanguage\":\"es\"}]}<\/script>\n<!-- \/ Yoast SEO plugin. -->","yoast_head_json":{"title":"Promoci\u00f3n municipal - HDAdvice","robots":{"index":"index","follow":"follow","max-snippet":"max-snippet:-1","max-image-preview":"max-image-preview:large","max-video-preview":"max-video-preview:-1"},"canonical":"https:\/\/hdadvice.cat\/es\/promocion-municipal\/","og_locale":"es_ES","og_type":"article","og_title":"Promoci\u00f3n municipal - HDAdvice","og_url":"https:\/\/hdadvice.cat\/es\/promocion-municipal\/","og_site_name":"HDAdvice","article_modified_time":"2023-05-22T10:34:47+00:00","twitter_card":"summary_large_image","twitter_misc":{"Tiempo de lectura":"15 minutos"},"schema":{"@context":"https:\/\/schema.org","@graph":[{"@type":"WebPage","@id":"https:\/\/hdadvice.cat\/es\/promocion-municipal\/","url":"https:\/\/hdadvice.cat\/es\/promocion-municipal\/","name":"Promoci\u00f3n municipal - HDAdvice","isPartOf":{"@id":"https:\/\/hdadvice.cat\/#website"},"datePublished":"2023-05-22T08:30:34+00:00","dateModified":"2023-05-22T10:34:47+00:00","breadcrumb":{"@id":"https:\/\/hdadvice.cat\/es\/promocion-municipal\/#breadcrumb"},"inLanguage":"es","potentialAction":[{"@type":"ReadAction","target":["https:\/\/hdadvice.cat\/es\/promocion-municipal\/"]}]},{"@type":"BreadcrumbList","@id":"https:\/\/hdadvice.cat\/es\/promocion-municipal\/#breadcrumb","itemListElement":[{"@type":"ListItem","position":1,"name":"Inici","item":"https:\/\/hdadvice.cat\/es\/inicio\/"},{"@type":"ListItem","position":2,"name":"Promoci\u00f3n municipal"}]},{"@type":"WebSite","@id":"https:\/\/hdadvice.cat\/#website","url":"https:\/\/hdadvice.cat\/","name":"HDAdvice","description":"Transpar\u00e8ncia i ocupaci\u00f3 pel vostre ajuntament","potentialAction":[{"@type":"SearchAction","target":{"@type":"EntryPoint","urlTemplate":"https:\/\/hdadvice.cat\/?s={search_term_string}"},"query-input":{"@type":"PropertyValueSpecification","valueRequired":true,"valueName":"search_term_string"}}],"inLanguage":"es"}]}},"_links":{"self":[{"href":"https:\/\/hdadvice.cat\/es\/wp-json\/wp\/v2\/pages\/525","targetHints":{"allow":["GET"]}}],"collection":[{"href":"https:\/\/hdadvice.cat\/es\/wp-json\/wp\/v2\/pages"}],"about":[{"href":"https:\/\/hdadvice.cat\/es\/wp-json\/wp\/v2\/types\/page"}],"author":[{"embeddable":true,"href":"https:\/\/hdadvice.cat\/es\/wp-json\/wp\/v2\/users\/3"}],"replies":[{"embeddable":true,"href":"https:\/\/hdadvice.cat\/es\/wp-json\/wp\/v2\/comments?post=525"}],"version-history":[{"count":3,"href":"https:\/\/hdadvice.cat\/es\/wp-json\/wp\/v2\/pages\/525\/revisions"}],"predecessor-version":[{"id":589,"href":"https:\/\/hdadvice.cat\/es\/wp-json\/wp\/v2\/pages\/525\/revisions\/589"}],"wp:attachment":[{"href":"https:\/\/hdadvice.cat\/es\/wp-json\/wp\/v2\/media?parent=525"}],"curies":[{"name":"wp","href":"https:\/\/api.w.org\/{rel}","templated":true}]}}