{"id":527,"date":"2023-05-22T08:30:42","date_gmt":"2023-05-22T08:30:42","guid":{"rendered":"https:\/\/hdadvice.cat\/comunicacion\/"},"modified":"2023-05-22T10:34:09","modified_gmt":"2023-05-22T10:34:09","slug":"comunicacion","status":"publish","type":"page","link":"https:\/\/hdadvice.cat\/es\/comunicacion\/","title":{"rendered":"Comunicaci\u00f3n"},"content":{"rendered":"\n<style type=\"text\/css\" data-created_by=\"avia_inline_auto\" id=\"style-css-av-lftrqyy9-70c23eef0b4abeca78d51816858669ad\">\n.avia-section.av-lftrqyy9-70c23eef0b4abeca78d51816858669ad{\nbackground-repeat:no-repeat;\nbackground-image:url(https:\/\/hdadvice.cat\/wp-content\/uploads\/2023\/05\/PAGINA-WEB-HDADVICE-4.jpg);\nbackground-position:50% 50%;\nbackground-attachment:scroll;\n}\n<\/style>\n<div id='av_section_1'  class='avia-section av-lftrqyy9-70c23eef0b4abeca78d51816858669ad main_color avia-section-default avia-no-border-styling  avia-builder-el-0  el_before_av_heading  avia-builder-el-first  avia-full-stretch avia-bg-style-scroll av-minimum-height av-minimum-height-35 av-height-percent  container_wrap sidebar_right'  data-section-bg-repeat='stretch' data-av_minimum_height_pc='35' data-av_min_height_opt='percent'><div class='container av-section-cont-open' ><main  role=\"main\" itemprop=\"mainContentOfPage\"  class='template-page content  av-content-small alpha units'><div class='post-entry post-entry-type-page post-entry-527'><div class='entry-content-wrapper clearfix'>\n\n<style type=\"text\/css\" data-created_by=\"avia_inline_auto\" id=\"style-css-av-lfts7448-ad3230dd92ceaf89d11268c0a904174c\">\n#top .av-special-heading.av-lfts7448-ad3230dd92ceaf89d11268c0a904174c{\npadding-bottom:10px;\ncolor:#ffffff;\n}\nbody .av-special-heading.av-lfts7448-ad3230dd92ceaf89d11268c0a904174c .av-special-heading-tag .heading-char{\nfont-size:25px;\n}\n.av-special-heading.av-lfts7448-ad3230dd92ceaf89d11268c0a904174c .special-heading-inner-border{\nborder-color:#ffffff;\n}\n.av-special-heading.av-lfts7448-ad3230dd92ceaf89d11268c0a904174c .av-subheading{\nfont-size:15px;\n}\n<\/style>\n<div  class='av-special-heading av-lfts7448-ad3230dd92ceaf89d11268c0a904174c av-special-heading-h1 custom-color-heading blockquote modern-quote modern-centered  avia-builder-el-1  el_before_av_textblock  avia-builder-el-first '><h1 class='av-special-heading-tag '  itemprop=\"headline\"  >Comunicaci\u00f3n<\/h1><div class=\"special-heading-border\"><div class=\"special-heading-inner-border\"><\/div><\/div><\/div>\n<section  class='av_textblock_section av-lfts803s-26e8be0a98a1c5ce8f53e30a6c3a076b '   itemscope=\"itemscope\" itemtype=\"https:\/\/schema.org\/CreativeWork\" ><div class='avia_textblock'  itemprop=\"text\" ><p style=\"text-align: center;\"><div class=\"breadcrumb breadcrumbs avia-breadcrumbs\"><div class=\"breadcrumb-trail\" ><span  itemscope=\"itemscope\" itemtype=\"https:\/\/schema.org\/BreadcrumbList\" ><span  itemscope=\"itemscope\" itemtype=\"https:\/\/schema.org\/ListItem\" itemprop=\"itemListElement\" ><a itemprop=\"url\" href=\"https:\/\/hdadvice.cat\/es\/\" title=\"HDAdvice\" rel=\"home\" class=\"trail-begin\"><span itemprop=\"name\">Inicio<\/span><\/a><span itemprop=\"position\" class=\"hidden\">1<\/span><\/span><\/span><\/div><\/div><\/p>\n<\/div><\/section>\n<\/div><\/div><\/main><!-- close content main element --><\/div><\/div><div id='after_section_1'  class='main_color av_default_container_wrap container_wrap sidebar_right'  ><div class='container av-section-cont-open' ><div class='template-page content  av-content-small alpha units'><div class='post-entry post-entry-type-page post-entry-527'><div class='entry-content-wrapper clearfix'>\n\n<style type=\"text\/css\" data-created_by=\"avia_inline_auto\" id=\"style-css-av-lftsqzx6-77eefc3f6bda7700540133924111d491\">\n#top .av-special-heading.av-lftsqzx6-77eefc3f6bda7700540133924111d491{\npadding-bottom:10px;\n}\nbody .av-special-heading.av-lftsqzx6-77eefc3f6bda7700540133924111d491 .av-special-heading-tag .heading-char{\nfont-size:25px;\n}\n.av-special-heading.av-lftsqzx6-77eefc3f6bda7700540133924111d491 .av-subheading{\nfont-size:15px;\n}\n<\/style>\n<div  class='av-special-heading av-lftsqzx6-77eefc3f6bda7700540133924111d491 av-special-heading-h1 blockquote modern-quote modern-centered  avia-builder-el-3  el_after_av_section  el_before_av_one_full  avia-builder-el-first '><h1 class='av-special-heading-tag '  itemprop=\"headline\"  >Te ayudamos a escribir o decir lo que piensas<\/h1><div class=\"special-heading-border\"><div class=\"special-heading-inner-border\"><\/div><\/div><\/div>\n<div  class='flex_column av-22fnou-8f73a76bf114af64e470545f0860398a av_one_full  avia-builder-el-4  el_after_av_heading  el_before_av_one_third  first flex_column_div  '     ><section  class='av_textblock_section av-lftsu5t2-f63f039650ff8909235f5d13bbc9d095 '   itemscope=\"itemscope\" itemtype=\"https:\/\/schema.org\/CreativeWork\" ><div class='avia_textblock'  itemprop=\"text\" ><blockquote>\n<p>La comunicaci\u00f3n efectiva es clave para una administraci\u00f3n p\u00fablica eficiente y transparente. A trav\u00e9s de la comunicaci\u00f3n, los ciudadanos pueden entender las pol\u00edticas y servicios que ofrece la administraci\u00f3n p\u00fablica y proporcionar retroalimentaci\u00f3n importante. La comunicaci\u00f3n ayuda tambi\u00e9n a establecer confianza y fomentar una relaci\u00f3n positiva entre los ciudadanos y la administraci\u00f3n p\u00fablica.<\/p>\n<\/blockquote>\n<\/div><\/section><\/div>\n<div  class='flex_column av-1yeojy-707cc0d6da93e51eca978e2b09e925f1 av_one_third  avia-builder-el-6  el_after_av_one_full  el_before_av_one_third  first flex_column_div  column-top-margin'     ><style type=\"text\/css\" data-created_by=\"avia_inline_auto\" id=\"style-css-av-lftt0rr1-2993f272ccb5bf1681793cd9ddd19830\">\n.iconbox.av-lftt0rr1-2993f272ccb5bf1681793cd9ddd19830 .iconbox_icon{\ncolor:#005f84;\n}\n.iconbox.av-lftt0rr1-2993f272ccb5bf1681793cd9ddd19830 .iconbox_icon.avia-svg-icon svg:first-child{\nfill:#005f84;\nstroke:#005f84;\n}\n<\/style>\n<article  class='iconbox iconbox_left_content av-lftt0rr1-2993f272ccb5bf1681793cd9ddd19830 av-icon-style-no-border  avia-builder-el-7  avia-builder-el-no-sibling '  itemscope=\"itemscope\" itemtype=\"https:\/\/schema.org\/CreativeWork\" ><div class='iconbox_icon heading-color avia-iconfont avia-font-entypo-fontello' data-av_icon='\ue836' data-av_iconfont='entypo-fontello'  ><\/div><div class=\"iconbox_content\"><header class=\"entry-content-header\" aria-label=\"Icon: Redacci\u00f3n de noticias\"><h3 class='iconbox_content_title '  itemprop=\"headline\" >Redacci\u00f3n de noticias<\/h3><\/header><div class='iconbox_content_container '  itemprop=\"text\" ><p>Abordamos todas las tem\u00e1ticas con el m\u00e1ximo rigor.<\/p>\n<\/div><\/div><footer class=\"entry-footer\"><\/footer><\/article><\/div>\n<div  class='flex_column av-1py0ym-7e27e767330c92508c015908ee044975 av_one_third  avia-builder-el-8  el_after_av_one_third  el_before_av_one_third  flex_column_div  column-top-margin'     ><style type=\"text\/css\" data-created_by=\"avia_inline_auto\" id=\"style-css-av-1n01di-1654bf0cb0484396df06b7bf3d3507f6\">\n.iconbox.av-1n01di-1654bf0cb0484396df06b7bf3d3507f6 .iconbox_icon{\ncolor:#005f84;\n}\n.iconbox.av-1n01di-1654bf0cb0484396df06b7bf3d3507f6 .iconbox_icon.avia-svg-icon svg:first-child{\nfill:#005f84;\nstroke:#005f84;\n}\n<\/style>\n<article  class='iconbox iconbox_left_content av-1n01di-1654bf0cb0484396df06b7bf3d3507f6 av-icon-style-no-border  avia-builder-el-9  avia-builder-el-no-sibling '  itemscope=\"itemscope\" itemtype=\"https:\/\/schema.org\/CreativeWork\" ><div class='iconbox_icon heading-color avia-iconfont avia-font-entypo-fontello' data-av_icon='\ue8d2' data-av_iconfont='entypo-fontello'  ><\/div><div class=\"iconbox_content\"><header class=\"entry-content-header\" aria-label=\"Icon: Medios de comunicaci\u00f3n\"><h3 class='iconbox_content_title '  itemprop=\"headline\" >Medios de comunicaci\u00f3n<\/h3><\/header><div class='iconbox_content_container '  itemprop=\"text\" ><p>Atendemos a los MMCC y preparamos los contenidos.<\/p>\n<\/div><\/div><footer class=\"entry-footer\"><\/footer><\/article><\/div>\n<div  class='flex_column av-1gj5vy-365d4e9aab7982662c9b5a0e8a9af717 av_one_third  avia-builder-el-10  el_after_av_one_third  el_before_av_one_third  flex_column_div  column-top-margin'     ><style type=\"text\/css\" data-created_by=\"avia_inline_auto\" id=\"style-css-av-16ekvy-dd5b30b8f1f96486bf234704c3e3e8b9\">\n.iconbox.av-16ekvy-dd5b30b8f1f96486bf234704c3e3e8b9 .iconbox_icon{\ncolor:#005f84;\n}\n.iconbox.av-16ekvy-dd5b30b8f1f96486bf234704c3e3e8b9 .iconbox_icon.avia-svg-icon svg:first-child{\nfill:#005f84;\nstroke:#005f84;\n}\n<\/style>\n<article  class='iconbox iconbox_left_content av-16ekvy-dd5b30b8f1f96486bf234704c3e3e8b9 av-icon-style-no-border  avia-builder-el-11  avia-builder-el-no-sibling '  itemscope=\"itemscope\" itemtype=\"https:\/\/schema.org\/CreativeWork\" ><div class='iconbox_icon heading-color avia-iconfont avia-font-entypo-fontello' data-av_icon='\ue80c' data-av_iconfont='entypo-fontello'  ><\/div><div class=\"iconbox_content\"><header class=\"entry-content-header\" aria-label=\"Icon: Textos institucionales\"><h3 class='iconbox_content_title '  itemprop=\"headline\" >Textos institucionales<\/h3><\/header><div class='iconbox_content_container '  itemprop=\"text\" ><p>Un buen discurso puede inspirar, motivar y cambiar pensamientos.<\/p>\n<\/div><\/div><footer class=\"entry-footer\"><\/footer><\/article><\/div>\n<div  class='flex_column av-ayaji-a1b2606f4c23b03159c7c1006bdd9f47 av_one_third  avia-builder-el-12  el_after_av_one_third  el_before_av_one_third  first flex_column_div  column-top-margin'     ><style type=\"text\/css\" data-created_by=\"avia_inline_auto\" id=\"style-css-av-lhg2az7s-3806db1c025c72c7e7536166b7f33d8a\">\n.iconbox.av-lhg2az7s-3806db1c025c72c7e7536166b7f33d8a .iconbox_icon{\ncolor:#005f84;\n}\n.iconbox.av-lhg2az7s-3806db1c025c72c7e7536166b7f33d8a .iconbox_icon.avia-svg-icon svg:first-child{\nfill:#005f84;\nstroke:#005f84;\n}\n<\/style>\n<article  class='iconbox iconbox_left_content av-lhg2az7s-3806db1c025c72c7e7536166b7f33d8a av-icon-style-no-border  avia-builder-el-13  avia-builder-el-no-sibling '  itemscope=\"itemscope\" itemtype=\"https:\/\/schema.org\/CreativeWork\" ><div class='iconbox_icon heading-color avia-iconfont avia-font-entypo-fontello' data-av_icon='\ue8ab' data-av_iconfont='entypo-fontello'  ><\/div><div class=\"iconbox_content\"><header class=\"entry-content-header\" aria-label=\"Icon: P\u00e1gina web\"><h3 class='iconbox_content_title '  itemprop=\"headline\" >P\u00e1gina web<\/h3><\/header><div class='iconbox_content_container '  itemprop=\"text\" ><p>Actualizamos la web con credibilidad y compromiso.<\/p>\n<\/div><\/div><footer class=\"entry-footer\"><\/footer><\/article><\/div>\n<div  class='flex_column av-1d7pa-e80cc6d49e13aab0359c3adeb2d44d42 av_one_third  avia-builder-el-14  el_after_av_one_third  el_before_av_one_third  flex_column_div  column-top-margin'     ><style type=\"text\/css\" data-created_by=\"avia_inline_auto\" id=\"style-css-av-lhg2cs9i-156b4c95bd7a98ed7db9ef3dad93ecd3\">\n.iconbox.av-lhg2cs9i-156b4c95bd7a98ed7db9ef3dad93ecd3 .iconbox_icon{\ncolor:#005f84;\n}\n.iconbox.av-lhg2cs9i-156b4c95bd7a98ed7db9ef3dad93ecd3 .iconbox_icon.avia-svg-icon svg:first-child{\nfill:#005f84;\nstroke:#005f84;\n}\n<\/style>\n<article  class='iconbox iconbox_left_content av-lhg2cs9i-156b4c95bd7a98ed7db9ef3dad93ecd3 av-icon-style-no-border  avia-builder-el-15  avia-builder-el-no-sibling '  itemscope=\"itemscope\" itemtype=\"https:\/\/schema.org\/CreativeWork\" ><div class='iconbox_icon heading-color avia-iconfont avia-font-entypo-fontello' data-av_icon='\ue8ac' data-av_iconfont='entypo-fontello'  ><\/div><div class=\"iconbox_content\"><header class=\"entry-content-header\" aria-label=\"Icon: Redes sociales\"><h3 class='iconbox_content_title '  itemprop=\"headline\" >Redes sociales<\/h3><\/header><div class='iconbox_content_container '  itemprop=\"text\" ><p>Gesti\u00f3n y actualizaci\u00f3n continua de las redes sociales institucionales.<\/p>\n<\/div><\/div><footer class=\"entry-footer\"><\/footer><\/article><\/div>\n<div  class='flex_column av-3e0e-9649590e590f7e4203d2600324973349 av_one_third  avia-builder-el-16  el_after_av_one_third  el_before_av_hr  flex_column_div  column-top-margin'     ><style type=\"text\/css\" data-created_by=\"avia_inline_auto\" id=\"style-css-av-lhg2dq3c-1c97687521efee30d50b16b60e27c4db\">\n.iconbox.av-lhg2dq3c-1c97687521efee30d50b16b60e27c4db .iconbox_icon{\ncolor:#005f84;\n}\n.iconbox.av-lhg2dq3c-1c97687521efee30d50b16b60e27c4db .iconbox_icon.avia-svg-icon svg:first-child{\nfill:#005f84;\nstroke:#005f84;\n}\n<\/style>\n<article  class='iconbox iconbox_left_content av-lhg2dq3c-1c97687521efee30d50b16b60e27c4db av-icon-style-no-border  avia-builder-el-17  avia-builder-el-no-sibling '  itemscope=\"itemscope\" itemtype=\"https:\/\/schema.org\/CreativeWork\" ><div class='iconbox_icon heading-color avia-iconfont avia-font-entypo-fontello' data-av_icon='\uf232' data-av_iconfont='entypo-fontello'  ><\/div><div class=\"iconbox_content\"><header class=\"entry-content-header\" aria-label=\"Icon: Canal municipal\"><h3 class='iconbox_content_title '  itemprop=\"headline\" >Canal municipal<\/h3><\/header><div class='iconbox_content_container '  itemprop=\"text\" ><p>Llevamos el d\u00eda a d\u00eda del telegramo o whattsapp municipal.<\/p>\n<\/div><\/div><footer class=\"entry-footer\"><\/footer><\/article><\/div>\n\n<style type=\"text\/css\" data-created_by=\"avia_inline_auto\" id=\"style-css-av-lfu4umwz-8a31535ba680df0867d9658249cc7e1a\">\n#top .hr.hr-invisible.av-lfu4umwz-8a31535ba680df0867d9658249cc7e1a{\nheight:50px;\n}\n<\/style>\n<div  class='hr av-lfu4umwz-8a31535ba680df0867d9658249cc7e1a hr-invisible  avia-builder-el-18  el_after_av_one_third  el_before_av_hr '><span class='hr-inner '><span class=\"hr-inner-style\"><\/span><\/span><\/div>\n\n<style type=\"text\/css\" data-created_by=\"avia_inline_auto\" id=\"style-css-av-8fexq-259fa05db3a071a338c6a3768d5c2285\">\n#top .hr.hr-invisible.av-8fexq-259fa05db3a071a338c6a3768d5c2285{\nheight:50px;\n}\n<\/style>\n<div  class='hr av-8fexq-259fa05db3a071a338c6a3768d5c2285 hr-invisible  avia-builder-el-19  el_after_av_hr  el_before_av_one_half '><span class='hr-inner '><span class=\"hr-inner-style\"><\/span><\/span><\/div>\n<div  class='flex_column av-1j2vl2-7d34f13a74fcb612f6378cb3d3e243f8 av_one_half  avia-builder-el-20  el_after_av_hr  el_before_av_one_half  first flex_column_div  '     ><style type=\"text\/css\" data-created_by=\"avia_inline_auto\" id=\"style-css-av-lfu4s7s5-84957302044aad65f2c5717b4471de02\">\n.avia-image-container.av-lfu4s7s5-84957302044aad65f2c5717b4471de02 img.avia_image{\nbox-shadow:none;\n}\n.avia-image-container.av-lfu4s7s5-84957302044aad65f2c5717b4471de02 .av-image-caption-overlay-center{\ncolor:#ffffff;\n}\n<\/style>\n<div  class='avia-image-container av-lfu4s7s5-84957302044aad65f2c5717b4471de02 av-styling- avia-align-center  avia-builder-el-21  avia-builder-el-no-sibling '   itemprop=\"image\" itemscope=\"itemscope\" itemtype=\"https:\/\/schema.org\/ImageObject\" ><div class=\"avia-image-container-inner\"><div class=\"avia-image-overlay-wrap\"><img decoding=\"async\" fetchpriority=\"high\" class='wp-image-311 avia-img-lazy-loading-not-311 avia_image ' src=\"https:\/\/hdadvice.cat\/wp-content\/uploads\/2023\/05\/Disseny-sense-titol-1-1030x1030.jpg\" alt='' title='Disseny sense t\u00edtol (1)'  height=\"1030\" width=\"1030\"  itemprop=\"thumbnailUrl\" srcset=\"https:\/\/hdadvice.cat\/wp-content\/uploads\/2023\/05\/Disseny-sense-titol-1-1030x1030.jpg 1030w, https:\/\/hdadvice.cat\/wp-content\/uploads\/2023\/05\/Disseny-sense-titol-1-300x300.jpg 300w, https:\/\/hdadvice.cat\/wp-content\/uploads\/2023\/05\/Disseny-sense-titol-1-80x80.jpg 80w, https:\/\/hdadvice.cat\/wp-content\/uploads\/2023\/05\/Disseny-sense-titol-1-768x768.jpg 768w, https:\/\/hdadvice.cat\/wp-content\/uploads\/2023\/05\/Disseny-sense-titol-1-36x36.jpg 36w, https:\/\/hdadvice.cat\/wp-content\/uploads\/2023\/05\/Disseny-sense-titol-1-180x180.jpg 180w, https:\/\/hdadvice.cat\/wp-content\/uploads\/2023\/05\/Disseny-sense-titol-1-705x705.jpg 705w, https:\/\/hdadvice.cat\/wp-content\/uploads\/2023\/05\/Disseny-sense-titol-1.jpg 1080w\" sizes=\"(max-width: 1030px) 100vw, 1030px\" \/><\/div><\/div><\/div><\/div>\n<div  class='flex_column av-1f4y0m-f3c385c88b20047a2f4315830b7af2da av_one_half  avia-builder-el-22  el_after_av_one_half  avia-builder-el-last  flex_column_div  '     ><section  class='av_textblock_section av-ijjqe-5f28f4d8df1d8a1bebf42e2154e3dab2 '   itemscope=\"itemscope\" itemtype=\"https:\/\/schema.org\/CreativeWork\" ><div class='avia_textblock'  itemprop=\"text\" ><h2>Comunicaci\u00f3n y transparencia<\/h2>\n<blockquote>\n<p>La clave para la efectividad y la confianza en la gesti\u00f3n p\u00fablica.<\/p>\n<\/blockquote>\n<p>La comunicaci\u00f3n es un aspecto vital para el \u00e9xito de cualquier organizaci\u00f3n, especialmente para la administraci\u00f3n p\u00fablica. La transparencia y efectividad de sus acciones dependen en gran medida de su capacidad para comunicar sus pol\u00edticas y acciones a los ciudadanos.<\/p>\n<p>A trav\u00e9s de una comunicaci\u00f3n clara y efectiva, los ciudadanos pueden entender mejor las funciones de la administraci\u00f3n p\u00fablica, los servicios que ofrecen y las decisiones que toman. Adem\u00e1s, la retroalimentaci\u00f3n de la ciudadan\u00eda ayuda a mejorar los servicios y responder mejor a sus necesidades.<\/p>\n<p>Una comunicaci\u00f3n eficiente tambi\u00e9n ayuda a construir confianza y promover una relaci\u00f3n positiva entre la administraci\u00f3n p\u00fablica y la comunidad.<\/p>\n<\/div><\/section><\/div>\n","protected":false},"excerpt":{"rendered":"","protected":false},"author":3,"featured_media":0,"parent":0,"menu_order":0,"comment_status":"closed","ping_status":"closed","template":"","meta":{"footnotes":""},"class_list":["post-527","page","type-page","status-publish","hentry"],"yoast_head":"<!-- This site is optimized with the Yoast SEO plugin v27.2 - https:\/\/yoast.com\/product\/yoast-seo-wordpress\/ -->\n<title>Comunicaci\u00f3n - HDAdvice<\/title>\n<meta name=\"robots\" content=\"index, follow, max-snippet:-1, max-image-preview:large, max-video-preview:-1\" \/>\n<link rel=\"canonical\" href=\"https:\/\/hdadvice.cat\/es\/comunicacion\/\" \/>\n<meta property=\"og:locale\" content=\"es_ES\" \/>\n<meta property=\"og:type\" content=\"article\" \/>\n<meta property=\"og:title\" content=\"Comunicaci\u00f3n - HDAdvice\" \/>\n<meta property=\"og:url\" content=\"https:\/\/hdadvice.cat\/es\/comunicacion\/\" \/>\n<meta property=\"og:site_name\" content=\"HDAdvice\" \/>\n<meta property=\"article:modified_time\" content=\"2023-05-22T10:34:09+00:00\" \/>\n<meta name=\"twitter:card\" content=\"summary_large_image\" \/>\n<meta name=\"twitter:label1\" content=\"Tiempo de lectura\" \/>\n\t<meta name=\"twitter:data1\" content=\"21 minutos\" \/>\n<script type=\"application\/ld+json\" class=\"yoast-schema-graph\">{\"@context\":\"https:\/\/schema.org\",\"@graph\":[{\"@type\":\"WebPage\",\"@id\":\"https:\/\/hdadvice.cat\/es\/comunicacion\/\",\"url\":\"https:\/\/hdadvice.cat\/es\/comunicacion\/\",\"name\":\"Comunicaci\u00f3n - HDAdvice\",\"isPartOf\":{\"@id\":\"https:\/\/hdadvice.cat\/#website\"},\"datePublished\":\"2023-05-22T08:30:42+00:00\",\"dateModified\":\"2023-05-22T10:34:09+00:00\",\"breadcrumb\":{\"@id\":\"https:\/\/hdadvice.cat\/es\/comunicacion\/#breadcrumb\"},\"inLanguage\":\"es\",\"potentialAction\":[{\"@type\":\"ReadAction\",\"target\":[\"https:\/\/hdadvice.cat\/es\/comunicacion\/\"]}]},{\"@type\":\"BreadcrumbList\",\"@id\":\"https:\/\/hdadvice.cat\/es\/comunicacion\/#breadcrumb\",\"itemListElement\":[{\"@type\":\"ListItem\",\"position\":1,\"name\":\"Inici\",\"item\":\"https:\/\/hdadvice.cat\/es\/inicio\/\"},{\"@type\":\"ListItem\",\"position\":2,\"name\":\"Comunicaci\u00f3n\"}]},{\"@type\":\"WebSite\",\"@id\":\"https:\/\/hdadvice.cat\/#website\",\"url\":\"https:\/\/hdadvice.cat\/\",\"name\":\"HDAdvice\",\"description\":\"Transpar\u00e8ncia i ocupaci\u00f3 pel vostre ajuntament\",\"potentialAction\":[{\"@type\":\"SearchAction\",\"target\":{\"@type\":\"EntryPoint\",\"urlTemplate\":\"https:\/\/hdadvice.cat\/?s={search_term_string}\"},\"query-input\":{\"@type\":\"PropertyValueSpecification\",\"valueRequired\":true,\"valueName\":\"search_term_string\"}}],\"inLanguage\":\"es\"}]}<\/script>\n<!-- \/ Yoast SEO plugin. -->","yoast_head_json":{"title":"Comunicaci\u00f3n - HDAdvice","robots":{"index":"index","follow":"follow","max-snippet":"max-snippet:-1","max-image-preview":"max-image-preview:large","max-video-preview":"max-video-preview:-1"},"canonical":"https:\/\/hdadvice.cat\/es\/comunicacion\/","og_locale":"es_ES","og_type":"article","og_title":"Comunicaci\u00f3n - HDAdvice","og_url":"https:\/\/hdadvice.cat\/es\/comunicacion\/","og_site_name":"HDAdvice","article_modified_time":"2023-05-22T10:34:09+00:00","twitter_card":"summary_large_image","twitter_misc":{"Tiempo de lectura":"21 minutos"},"schema":{"@context":"https:\/\/schema.org","@graph":[{"@type":"WebPage","@id":"https:\/\/hdadvice.cat\/es\/comunicacion\/","url":"https:\/\/hdadvice.cat\/es\/comunicacion\/","name":"Comunicaci\u00f3n - HDAdvice","isPartOf":{"@id":"https:\/\/hdadvice.cat\/#website"},"datePublished":"2023-05-22T08:30:42+00:00","dateModified":"2023-05-22T10:34:09+00:00","breadcrumb":{"@id":"https:\/\/hdadvice.cat\/es\/comunicacion\/#breadcrumb"},"inLanguage":"es","potentialAction":[{"@type":"ReadAction","target":["https:\/\/hdadvice.cat\/es\/comunicacion\/"]}]},{"@type":"BreadcrumbList","@id":"https:\/\/hdadvice.cat\/es\/comunicacion\/#breadcrumb","itemListElement":[{"@type":"ListItem","position":1,"name":"Inici","item":"https:\/\/hdadvice.cat\/es\/inicio\/"},{"@type":"ListItem","position":2,"name":"Comunicaci\u00f3n"}]},{"@type":"WebSite","@id":"https:\/\/hdadvice.cat\/#website","url":"https:\/\/hdadvice.cat\/","name":"HDAdvice","description":"Transpar\u00e8ncia i ocupaci\u00f3 pel vostre ajuntament","potentialAction":[{"@type":"SearchAction","target":{"@type":"EntryPoint","urlTemplate":"https:\/\/hdadvice.cat\/?s={search_term_string}"},"query-input":{"@type":"PropertyValueSpecification","valueRequired":true,"valueName":"search_term_string"}}],"inLanguage":"es"}]}},"_links":{"self":[{"href":"https:\/\/hdadvice.cat\/es\/wp-json\/wp\/v2\/pages\/527","targetHints":{"allow":["GET"]}}],"collection":[{"href":"https:\/\/hdadvice.cat\/es\/wp-json\/wp\/v2\/pages"}],"about":[{"href":"https:\/\/hdadvice.cat\/es\/wp-json\/wp\/v2\/types\/page"}],"author":[{"embeddable":true,"href":"https:\/\/hdadvice.cat\/es\/wp-json\/wp\/v2\/users\/3"}],"replies":[{"embeddable":true,"href":"https:\/\/hdadvice.cat\/es\/wp-json\/wp\/v2\/comments?post=527"}],"version-history":[{"count":4,"href":"https:\/\/hdadvice.cat\/es\/wp-json\/wp\/v2\/pages\/527\/revisions"}],"predecessor-version":[{"id":615,"href":"https:\/\/hdadvice.cat\/es\/wp-json\/wp\/v2\/pages\/527\/revisions\/615"}],"wp:attachment":[{"href":"https:\/\/hdadvice.cat\/es\/wp-json\/wp\/v2\/media?parent=527"}],"curies":[{"name":"wp","href":"https:\/\/api.w.org\/{rel}","templated":true}]}}