{"id":528,"date":"2023-05-22T08:30:52","date_gmt":"2023-05-22T08:30:52","guid":{"rendered":"https:\/\/hdadvice.cat\/transparencia\/"},"modified":"2023-05-22T10:32:18","modified_gmt":"2023-05-22T10:32:18","slug":"transparencia","status":"publish","type":"page","link":"https:\/\/hdadvice.cat\/es\/transparencia\/","title":{"rendered":"Transparencia"},"content":{"rendered":"\n<style type=\"text\/css\" data-created_by=\"avia_inline_auto\" id=\"style-css-av-lftrqyy9-28a99f0f0981a7b934183c5d4697f59a\">\n.avia-section.av-lftrqyy9-28a99f0f0981a7b934183c5d4697f59a{\nbackground-repeat:no-repeat;\nbackground-image:url(https:\/\/hdadvice.cat\/wp-content\/uploads\/2023\/03\/demo2.jpg);\nbackground-position:50% 50%;\nbackground-attachment:scroll;\n}\n.avia-section.av-lftrqyy9-28a99f0f0981a7b934183c5d4697f59a .av-section-color-overlay{\nopacity:0.3;\nbackground-color:#0a0505;\n}\n<\/style>\n<div id='av_section_1'  class='avia-section av-lftrqyy9-28a99f0f0981a7b934183c5d4697f59a main_color avia-section-default avia-no-border-styling  avia-builder-el-0  el_before_av_heading  avia-builder-el-first  avia-full-stretch avia-bg-style-scroll av-section-color-overlay-active av-minimum-height av-minimum-height-35 av-height-percent  container_wrap sidebar_right'  data-section-bg-repeat='stretch' data-av_minimum_height_pc='35' data-av_min_height_opt='percent'><div class=\"av-section-color-overlay-wrap\"><div class=\"av-section-color-overlay\"><\/div><div class='container av-section-cont-open' ><main  role=\"main\" itemprop=\"mainContentOfPage\"  class='template-page content  av-content-small alpha units'><div class='post-entry post-entry-type-page post-entry-528'><div class='entry-content-wrapper clearfix'>\n\n<style type=\"text\/css\" data-created_by=\"avia_inline_auto\" id=\"style-css-av-lfts7448-e9ee585aa4a1a7bd68b5a7a38a8b7d25\">\n#top .av-special-heading.av-lfts7448-e9ee585aa4a1a7bd68b5a7a38a8b7d25{\npadding-bottom:10px;\ncolor:#ffffff;\n}\nbody .av-special-heading.av-lfts7448-e9ee585aa4a1a7bd68b5a7a38a8b7d25 .av-special-heading-tag .heading-char{\nfont-size:25px;\n}\n.av-special-heading.av-lfts7448-e9ee585aa4a1a7bd68b5a7a38a8b7d25 .special-heading-inner-border{\nborder-color:#ffffff;\n}\n.av-special-heading.av-lfts7448-e9ee585aa4a1a7bd68b5a7a38a8b7d25 .av-subheading{\nfont-size:15px;\n}\n<\/style>\n<div  class='av-special-heading av-lfts7448-e9ee585aa4a1a7bd68b5a7a38a8b7d25 av-special-heading-h1 custom-color-heading blockquote modern-quote modern-centered  avia-builder-el-1  el_before_av_textblock  avia-builder-el-first '><h1 class='av-special-heading-tag '  itemprop=\"headline\"  >Transparencia<\/h1><div class=\"special-heading-border\"><div class=\"special-heading-inner-border\"><\/div><\/div><\/div>\n<section  class='av_textblock_section av-lfts803s-26e8be0a98a1c5ce8f53e30a6c3a076b '   itemscope=\"itemscope\" itemtype=\"https:\/\/schema.org\/CreativeWork\" ><div class='avia_textblock'  itemprop=\"text\" ><p style=\"text-align: center;\"><div class=\"breadcrumb breadcrumbs avia-breadcrumbs\"><div class=\"breadcrumb-trail\" ><span  itemscope=\"itemscope\" itemtype=\"https:\/\/schema.org\/BreadcrumbList\" ><span  itemscope=\"itemscope\" itemtype=\"https:\/\/schema.org\/ListItem\" itemprop=\"itemListElement\" ><a itemprop=\"url\" href=\"https:\/\/hdadvice.cat\/es\/\" title=\"HDAdvice\" rel=\"home\" class=\"trail-begin\"><span itemprop=\"name\">Inicio<\/span><\/a><span itemprop=\"position\" class=\"hidden\">1<\/span><\/span><\/span><\/div><\/div><\/p>\n<\/div><\/section>\n<\/div><\/div><\/main><!-- close content main element --><\/div><\/div><\/div><div id='after_section_1'  class='main_color av_default_container_wrap container_wrap sidebar_right'  ><div class='container av-section-cont-open' ><div class='template-page content  av-content-small alpha units'><div class='post-entry post-entry-type-page post-entry-528'><div class='entry-content-wrapper clearfix'>\n\n<style type=\"text\/css\" data-created_by=\"avia_inline_auto\" id=\"style-css-av-lftsqzx6-9dfff610bff1c6b18e91294470057daa\">\n#top .av-special-heading.av-lftsqzx6-9dfff610bff1c6b18e91294470057daa{\npadding-bottom:10px;\n}\nbody .av-special-heading.av-lftsqzx6-9dfff610bff1c6b18e91294470057daa .av-special-heading-tag .heading-char{\nfont-size:25px;\n}\n.av-special-heading.av-lftsqzx6-9dfff610bff1c6b18e91294470057daa .av-subheading{\nfont-size:15px;\n}\n<\/style>\n<div  class='av-special-heading av-lftsqzx6-9dfff610bff1c6b18e91294470057daa av-special-heading-h1 blockquote modern-quote modern-centered  avia-builder-el-3  el_after_av_section  el_before_av_one_full  avia-builder-el-first '><h1 class='av-special-heading-tag '  itemprop=\"headline\"  >La transpar\u00e8ncia to tiene que ser un quebradero de cabeza<\/h1><div class=\"special-heading-border\"><div class=\"special-heading-inner-border\"><\/div><\/div><\/div>\n<div  class='flex_column av-22fnou-8f73a76bf114af64e470545f0860398a av_one_full  avia-builder-el-4  el_after_av_heading  el_before_av_one_third  first flex_column_div  '     ><section  class='av_textblock_section av-lftsu5t2-f63f039650ff8909235f5d13bbc9d095 '   itemscope=\"itemscope\" itemtype=\"https:\/\/schema.org\/CreativeWork\" ><div class='avia_textblock'  itemprop=\"text\" ><blockquote>\n<p style=\"text-align: left;\">La implementaci\u00f3n de la ley de la transparencia en la p\u00e1gina web y en el portal de transparencia es clave para garantizar la difusi\u00f3n efectiva de informaci\u00f3n p\u00fablica y la rendici\u00f3n de cuentas. Esto implica la publicaci\u00f3n de datos relevantes y actualizados, y la creaci\u00f3n de un entorno participativo que fomente la interacci\u00f3n ciudadana y la colaboraci\u00f3n. Una eficaz gesti\u00f3n de la transparencia mejora la imagen de las instituciones y promueve la confianza de los ciudadanos en sus instituciones p\u00fablicas.<\/p>\n<\/blockquote>\n<\/div><\/section><\/div>\n<div  class='flex_column av-soje6-74457d97ce07824c94a831420f81c611 av_one_third  avia-builder-el-6  el_after_av_one_full  el_before_av_one_third  first flex_column_div  column-top-margin'     ><style type=\"text\/css\" data-created_by=\"avia_inline_auto\" id=\"style-css-av-lfexi-042ee40289de32b5355a9eef9fb727dd\">\n.iconbox.av-lfexi-042ee40289de32b5355a9eef9fb727dd .iconbox_icon{\ncolor:#005f84;\n}\n.iconbox.av-lfexi-042ee40289de32b5355a9eef9fb727dd .iconbox_icon.avia-svg-icon svg:first-child{\nfill:#005f84;\nstroke:#005f84;\n}\n<\/style>\n<article  class='iconbox iconbox_left_content av-lfexi-042ee40289de32b5355a9eef9fb727dd av-icon-style-no-border  avia-builder-el-7  avia-builder-el-no-sibling '  itemscope=\"itemscope\" itemtype=\"https:\/\/schema.org\/CreativeWork\" ><div class='iconbox_icon heading-color avia-iconfont avia-font-entypo-fontello' data-av_icon='\ue823' data-av_iconfont='entypo-fontello'  ><\/div><div class=\"iconbox_content\"><header class=\"entry-content-header\" aria-label=\"Icon: Implementaci\u00f3n ley de transparencia\"><h3 class='iconbox_content_title '  itemprop=\"headline\" >Implementaci\u00f3n ley de transparencia<\/h3><\/header><div class='iconbox_content_container '  itemprop=\"text\" ><p>Te ayudamos con la <a href=\"https:\/\/portaljuridic.gencat.cat\/ca\/document-del-pjur\/?documentId=680124\">LEY<\/a> 19\/2014, de 29 de diciembre, de transparencia, acceso a la informaci\u00f3n p\u00fablica y buen gobierno<\/p>\n<\/div><\/div><footer class=\"entry-footer\"><\/footer><\/article><\/div>\n<div  class='flex_column av-1yeojy-96d4f733ef1c09dc2cf66b7393d96f4c av_one_third  avia-builder-el-8  el_after_av_one_third  el_before_av_one_third  flex_column_div  column-top-margin'     ><style type=\"text\/css\" data-created_by=\"avia_inline_auto\" id=\"style-css-av-lftt0rr1-7e68878e93cfe4896a5e8fb0701a91e9\">\n.iconbox.av-lftt0rr1-7e68878e93cfe4896a5e8fb0701a91e9 .iconbox_icon{\ncolor:#005f84;\n}\n.iconbox.av-lftt0rr1-7e68878e93cfe4896a5e8fb0701a91e9 .iconbox_icon.avia-svg-icon svg:first-child{\nfill:#005f84;\nstroke:#005f84;\n}\n<\/style>\n<article  class='iconbox iconbox_left_content av-lftt0rr1-7e68878e93cfe4896a5e8fb0701a91e9 av-icon-style-no-border  avia-builder-el-9  avia-builder-el-no-sibling '  itemscope=\"itemscope\" itemtype=\"https:\/\/schema.org\/CreativeWork\" ><div class='iconbox_icon heading-color avia-iconfont avia-font-entypo-fontello' data-av_icon='\ue8a8' data-av_iconfont='entypo-fontello'  ><\/div><div class=\"iconbox_content\"><header class=\"entry-content-header\" aria-label=\"Icon: Sello Infoparticipa\"><h3 class='iconbox_content_title '  itemprop=\"headline\" >Sello Infoparticipa<\/h3><\/header><div class='iconbox_content_container '  itemprop=\"text\" ><p>Te ayudamos a conseguir el cumplimiento del \u00edndice Infoparticipa en tu instituci\u00f3n.<\/p>\n<\/div><\/div><footer class=\"entry-footer\"><\/footer><\/article><\/div>\n<div  class='flex_column av-1gj5vy-365d4e9aab7982662c9b5a0e8a9af717 av_one_third  avia-builder-el-10  el_after_av_one_third  el_before_av_one_third  flex_column_div  column-top-margin'     ><style type=\"text\/css\" data-created_by=\"avia_inline_auto\" id=\"style-css-av-16ekvy-d9c532ade40e59fb921876f41cf258ca\">\n.iconbox.av-16ekvy-d9c532ade40e59fb921876f41cf258ca .iconbox_icon{\ncolor:#005f84;\n}\n.iconbox.av-16ekvy-d9c532ade40e59fb921876f41cf258ca .iconbox_icon.avia-svg-icon svg:first-child{\nfill:#005f84;\nstroke:#005f84;\n}\n<\/style>\n<article  class='iconbox iconbox_left_content av-16ekvy-d9c532ade40e59fb921876f41cf258ca av-icon-style-no-border  avia-builder-el-11  avia-builder-el-no-sibling '  itemscope=\"itemscope\" itemtype=\"https:\/\/schema.org\/CreativeWork\" ><div class='iconbox_icon heading-color avia-iconfont avia-font-entypo-fontello' data-av_icon='\ue8b1' data-av_iconfont='entypo-fontello'  ><\/div><div class=\"iconbox_content\"><header class=\"entry-content-header\" aria-label=\"Icon: Web municipal y portal de transparencia\"><h3 class='iconbox_content_title '  itemprop=\"headline\" >Web municipal y portal de transparencia<\/h3><\/header><div class='iconbox_content_container '  itemprop=\"text\" ><p>Vinculamos la p\u00e1gina web y el portal de transparencia de la instituci\u00f3n para no duplicar informaciones<\/p>\n<\/div><\/div><footer class=\"entry-footer\"><\/footer><\/article><\/div>\n<div  class='flex_column av-1py0ym-ab5e3cb8f263837dc8d221389199c77f av_one_third  avia-builder-el-12  el_after_av_one_third  el_before_av_one_third  first flex_column_div  column-top-margin'     ><style type=\"text\/css\" data-created_by=\"avia_inline_auto\" id=\"style-css-av-1n01di-9217be27a5ae84ad1605eb093045a5e8\">\n.iconbox.av-1n01di-9217be27a5ae84ad1605eb093045a5e8 .iconbox_icon{\ncolor:#005f84;\n}\n.iconbox.av-1n01di-9217be27a5ae84ad1605eb093045a5e8 .iconbox_icon.avia-svg-icon svg:first-child{\nfill:#005f84;\nstroke:#005f84;\n}\n<\/style>\n<article  class='iconbox iconbox_left_content av-1n01di-9217be27a5ae84ad1605eb093045a5e8 av-icon-style-no-border  avia-builder-el-13  avia-builder-el-no-sibling '  itemscope=\"itemscope\" itemtype=\"https:\/\/schema.org\/CreativeWork\" ><div class='iconbox_icon heading-color avia-iconfont avia-font-entypo-fontello' data-av_icon='\ue80b' data-av_iconfont='entypo-fontello'  ><\/div><div class=\"iconbox_content\"><header class=\"entry-content-header\" aria-label=\"Icon: Reuniones peri\u00f3dicas\"><h3 class='iconbox_content_title '  itemprop=\"headline\" >Reuniones peri\u00f3dicas<\/h3><\/header><div class='iconbox_content_container '  itemprop=\"text\" ><p>Realizamos reuniones de evaluaci\u00f3n y coordinaci\u00f3n priorizando los encuentros on-line para que creemos en la sostenibilidad.<\/p>\n<\/div><\/div><footer class=\"entry-footer\"><\/footer><\/article><\/div>\n<div  class='flex_column av-12n5vy-91a7e2b31ef28452c1375df71dccef82 av_one_third  avia-builder-el-14  el_after_av_one_third  el_before_av_one_third  flex_column_div  column-top-margin'     ><style type=\"text\/css\" data-created_by=\"avia_inline_auto\" id=\"style-css-av-zb77q-6a6fd40a4dec68336a3c4c6c07977879\">\n.iconbox.av-zb77q-6a6fd40a4dec68336a3c4c6c07977879 .iconbox_icon{\ncolor:#005f84;\n}\n.iconbox.av-zb77q-6a6fd40a4dec68336a3c4c6c07977879 .iconbox_icon.avia-svg-icon svg:first-child{\nfill:#005f84;\nstroke:#005f84;\n}\n<\/style>\n<article  class='iconbox iconbox_left_content av-zb77q-6a6fd40a4dec68336a3c4c6c07977879 av-icon-style-no-border  avia-builder-el-15  avia-builder-el-no-sibling '  itemscope=\"itemscope\" itemtype=\"https:\/\/schema.org\/CreativeWork\" ><div class='iconbox_icon heading-color avia-iconfont avia-font-entypo-fontello' data-av_icon='\ue84b' data-av_iconfont='entypo-fontello'  ><\/div><div class=\"iconbox_content\"><header class=\"entry-content-header\" aria-label=\"Icon: Creaci\u00f3n de un protocolo\"><h3 class='iconbox_content_title '  itemprop=\"headline\" >Creaci\u00f3n de un protocolo<\/h3><\/header><div class='iconbox_content_container '  itemprop=\"text\" ><p>Te ayudamos a crear un protocolo para la introducci\u00f3n de informaci\u00f3n relacionada con la transparencia.<\/p>\n<\/div><\/div><footer class=\"entry-footer\"><\/footer><\/article><\/div>\n<div  class='flex_column av-dmgqe-479aa7e83564a6dce7edfbef1eb7fa86 av_one_third  avia-builder-el-16  el_after_av_one_third  el_before_av_hr  flex_column_div  column-top-margin'     ><style type=\"text\/css\" data-created_by=\"avia_inline_auto\" id=\"style-css-av-a8al2-fd93634a6ae5c1351508a4bcb9a15e32\">\n.iconbox.av-a8al2-fd93634a6ae5c1351508a4bcb9a15e32 .iconbox_icon{\ncolor:#005f84;\n}\n.iconbox.av-a8al2-fd93634a6ae5c1351508a4bcb9a15e32 .iconbox_icon.avia-svg-icon svg:first-child{\nfill:#005f84;\nstroke:#005f84;\n}\n<\/style>\n<article  class='iconbox iconbox_left_content av-a8al2-fd93634a6ae5c1351508a4bcb9a15e32 av-icon-style-no-border  avia-builder-el-17  avia-builder-el-no-sibling '  itemscope=\"itemscope\" itemtype=\"https:\/\/schema.org\/CreativeWork\" ><div class='iconbox_icon heading-color avia-iconfont avia-font-entypo-fontello' data-av_icon='\ue891' data-av_iconfont='entypo-fontello'  ><\/div><div class=\"iconbox_content\"><header class=\"entry-content-header\" aria-label=\"Icon: Seguimiento y actualizaci\u00f3n\"><h3 class='iconbox_content_title '  itemprop=\"headline\" >Seguimiento y actualizaci\u00f3n<\/h3><\/header><div class='iconbox_content_container '  itemprop=\"text\" ><p>Una vez implementada la LEY te ofrecemos un servicio de seguimiento y actualizaci\u00f3n en materia de transparencia<\/p>\n<\/div><\/div><footer class=\"entry-footer\"><\/footer><\/article><\/div>\n\n<style type=\"text\/css\" data-created_by=\"avia_inline_auto\" id=\"style-css-av-lfu4umwz-8a31535ba680df0867d9658249cc7e1a\">\n#top .hr.hr-invisible.av-lfu4umwz-8a31535ba680df0867d9658249cc7e1a{\nheight:50px;\n}\n<\/style>\n<div  class='hr av-lfu4umwz-8a31535ba680df0867d9658249cc7e1a hr-invisible  avia-builder-el-18  el_after_av_one_third  el_before_av_hr '><span class='hr-inner '><span class=\"hr-inner-style\"><\/span><\/span><\/div>\n\n<style type=\"text\/css\" data-created_by=\"avia_inline_auto\" id=\"style-css-av-8fexq-259fa05db3a071a338c6a3768d5c2285\">\n#top .hr.hr-invisible.av-8fexq-259fa05db3a071a338c6a3768d5c2285{\nheight:50px;\n}\n<\/style>\n<div  class='hr av-8fexq-259fa05db3a071a338c6a3768d5c2285 hr-invisible  avia-builder-el-19  el_after_av_hr  el_before_av_one_fourth '><span class='hr-inner '><span class=\"hr-inner-style\"><\/span><\/span><\/div>\n<div  class='flex_column av-1j2vl2-7d34f13a74fcb612f6378cb3d3e243f8 av_one_fourth  avia-builder-el-20  el_after_av_hr  el_before_av_three_fourth  first flex_column_div  '     ><style type=\"text\/css\" data-created_by=\"avia_inline_auto\" id=\"style-css-av-lfu4s7s5-d8b3efba9284999c39791d2ee2ef887a\">\n.avia-image-container.av-lfu4s7s5-d8b3efba9284999c39791d2ee2ef887a img.avia_image{\nbox-shadow:none;\n}\n.avia-image-container.av-lfu4s7s5-d8b3efba9284999c39791d2ee2ef887a .av-image-caption-overlay-center{\ncolor:#ffffff;\n}\n<\/style>\n<div  class='avia-image-container av-lfu4s7s5-d8b3efba9284999c39791d2ee2ef887a av-styling- avia-align-center  avia-builder-el-21  avia-builder-el-no-sibling '   itemprop=\"image\" itemscope=\"itemscope\" itemtype=\"https:\/\/schema.org\/ImageObject\" ><div class=\"avia-image-container-inner\"><div class=\"avia-image-overlay-wrap\"><img decoding=\"async\" fetchpriority=\"high\" class='wp-image-278 avia-img-lazy-loading-not-278 avia_image ' src=\"https:\/\/hdadvice.cat\/wp-content\/uploads\/2023\/04\/logo-governobert.png\" alt='' title='logo-governobert'  height=\"250\" width=\"300\"  itemprop=\"thumbnailUrl\"  \/><\/div><\/div><\/div><\/div>\n<div  class='flex_column av-1f4y0m-f3c385c88b20047a2f4315830b7af2da av_three_fourth  avia-builder-el-22  el_after_av_one_fourth  el_before_av_one_fourth  flex_column_div  '     ><section  class='av_textblock_section av-ijjqe-5f28f4d8df1d8a1bebf42e2154e3dab2 '   itemscope=\"itemscope\" itemtype=\"https:\/\/schema.org\/CreativeWork\" ><div class='avia_textblock'  itemprop=\"text\" ><h2>Portal de transparencia<\/h2>\n<p>El portal de transparencia de una instituci\u00f3n p\u00fablica es la web en la que se difunde la informaci\u00f3n p\u00fablica de inter\u00e9s para la ciudadan\u00eda.<\/p>\n<p>Es un sistema integral de publicidad e informaci\u00f3n en formato electr\u00f3nico que permite a las personas un f\u00e1cil y gratuito acceso a la informaci\u00f3n sobre las administraciones locales.<\/p>\n<p>En Catalu\u00f1a, la web <a href=\"http:\/\/www.transparenciacatalunya.cat\/es\/inicio\">transparenciacatalunya.cat<\/a> recoge los distintos portales de transparencia de las administraciones p\u00fablicas catalanas, entes del sector p\u00fablico, las universidades p\u00fablicas y los partidos pol\u00edticos.<\/p>\n<\/div><\/section><\/div>\n<div  class='flex_column av-1caiu-2056b6fa4f36255961ccff8372abfdde av_one_fourth  avia-builder-el-24  el_after_av_three_fourth  el_before_av_three_fourth  first flex_column_div  column-top-margin'     ><style type=\"text\/css\" data-created_by=\"avia_inline_auto\" id=\"style-css-av-8lnh2-6bd03d57a0a4ae38ae633fd156bdc619\">\n.avia-image-container.av-8lnh2-6bd03d57a0a4ae38ae633fd156bdc619 img.avia_image{\nbox-shadow:none;\n}\n.avia-image-container.av-8lnh2-6bd03d57a0a4ae38ae633fd156bdc619 .av-image-caption-overlay-center{\ncolor:#ffffff;\n}\n<\/style>\n<div  class='avia-image-container av-8lnh2-6bd03d57a0a4ae38ae633fd156bdc619 av-styling- avia-align-center  avia-builder-el-25  avia-builder-el-no-sibling '   itemprop=\"image\" itemscope=\"itemscope\" itemtype=\"https:\/\/schema.org\/ImageObject\" ><div class=\"avia-image-container-inner\"><div class=\"avia-image-overlay-wrap\"><img decoding=\"async\" fetchpriority=\"high\" class='wp-image-279 avia-img-lazy-loading-not-279 avia_image ' src=\"https:\/\/hdadvice.cat\/wp-content\/uploads\/2023\/04\/logo-infoparticipa-300x225.jpg\" alt='' title='logo-infoparticipa'  height=\"225\" width=\"300\"  itemprop=\"thumbnailUrl\" srcset=\"https:\/\/hdadvice.cat\/wp-content\/uploads\/2023\/04\/logo-infoparticipa-300x225.jpg 300w, https:\/\/hdadvice.cat\/wp-content\/uploads\/2023\/04\/logo-infoparticipa.jpg 640w\" sizes=\"(max-width: 300px) 100vw, 300px\" \/><\/div><\/div><\/div><\/div>\n<div  class='flex_column av-yt9dq-66314482579103f6236f3e1db89364a3 av_three_fourth  avia-builder-el-26  el_after_av_one_fourth  avia-builder-el-last  flex_column_div  column-top-margin'     ><section  class='av_textblock_section av-1aw2xi-bc97c76b6d2c1d3fe2fcf96e6953134d '   itemscope=\"itemscope\" itemtype=\"https:\/\/schema.org\/CreativeWork\" ><div class='avia_textblock'  itemprop=\"text\" ><h2>Sello Infoparticipa<\/h2>\n<p>Existen distintos indicadores para evaluar la transparencia de una administraci\u00f3n p\u00fablica. Uno de los m\u00e1s reconocidos es el estudio <b>INFOPARTICIPA<\/b> elaborado por el Grupo de Investigaci\u00f3n ComSET (Grupo de Investigaci\u00f3n en Comunicaci\u00f3n Sonora, Estrat\u00e9gica y Transparencia).<\/p>\n<p>En este informe, anualmente, se eval\u00faan los datos de calidad y la transparencia de la comunicaci\u00f3n p\u00fablica local a trav\u00e9s del <a href=\"https:\/\/www.infoparticipa.com\/index\/mapa\/\">Mapa Infoparticipa<\/a> .<\/p>\n<\/div><\/section><\/div>\n","protected":false},"excerpt":{"rendered":"","protected":false},"author":3,"featured_media":0,"parent":0,"menu_order":0,"comment_status":"closed","ping_status":"closed","template":"","meta":{"footnotes":""},"class_list":["post-528","page","type-page","status-publish","hentry"],"yoast_head":"<!-- This site is optimized with the Yoast SEO plugin v27.2 - https:\/\/yoast.com\/product\/yoast-seo-wordpress\/ -->\n<title>Transparencia - HDAdvice<\/title>\n<meta name=\"robots\" content=\"index, follow, max-snippet:-1, max-image-preview:large, max-video-preview:-1\" \/>\n<link rel=\"canonical\" href=\"https:\/\/hdadvice.cat\/es\/transparencia\/\" \/>\n<meta property=\"og:locale\" content=\"es_ES\" \/>\n<meta property=\"og:type\" content=\"article\" \/>\n<meta property=\"og:title\" content=\"Transparencia - HDAdvice\" \/>\n<meta property=\"og:url\" content=\"https:\/\/hdadvice.cat\/es\/transparencia\/\" \/>\n<meta property=\"og:site_name\" content=\"HDAdvice\" \/>\n<meta property=\"article:modified_time\" content=\"2023-05-22T10:32:18+00:00\" \/>\n<meta name=\"twitter:card\" content=\"summary_large_image\" \/>\n<meta name=\"twitter:label1\" content=\"Tiempo de lectura\" \/>\n\t<meta name=\"twitter:data1\" content=\"25 minutos\" \/>\n<script type=\"application\/ld+json\" class=\"yoast-schema-graph\">{\"@context\":\"https:\/\/schema.org\",\"@graph\":[{\"@type\":\"WebPage\",\"@id\":\"https:\/\/hdadvice.cat\/es\/transparencia\/\",\"url\":\"https:\/\/hdadvice.cat\/es\/transparencia\/\",\"name\":\"Transparencia - HDAdvice\",\"isPartOf\":{\"@id\":\"https:\/\/hdadvice.cat\/#website\"},\"datePublished\":\"2023-05-22T08:30:52+00:00\",\"dateModified\":\"2023-05-22T10:32:18+00:00\",\"breadcrumb\":{\"@id\":\"https:\/\/hdadvice.cat\/es\/transparencia\/#breadcrumb\"},\"inLanguage\":\"es\",\"potentialAction\":[{\"@type\":\"ReadAction\",\"target\":[\"https:\/\/hdadvice.cat\/es\/transparencia\/\"]}]},{\"@type\":\"BreadcrumbList\",\"@id\":\"https:\/\/hdadvice.cat\/es\/transparencia\/#breadcrumb\",\"itemListElement\":[{\"@type\":\"ListItem\",\"position\":1,\"name\":\"Inici\",\"item\":\"https:\/\/hdadvice.cat\/es\/inicio\/\"},{\"@type\":\"ListItem\",\"position\":2,\"name\":\"Transparencia\"}]},{\"@type\":\"WebSite\",\"@id\":\"https:\/\/hdadvice.cat\/#website\",\"url\":\"https:\/\/hdadvice.cat\/\",\"name\":\"HDAdvice\",\"description\":\"Transpar\u00e8ncia i ocupaci\u00f3 pel vostre ajuntament\",\"potentialAction\":[{\"@type\":\"SearchAction\",\"target\":{\"@type\":\"EntryPoint\",\"urlTemplate\":\"https:\/\/hdadvice.cat\/?s={search_term_string}\"},\"query-input\":{\"@type\":\"PropertyValueSpecification\",\"valueRequired\":true,\"valueName\":\"search_term_string\"}}],\"inLanguage\":\"es\"}]}<\/script>\n<!-- \/ Yoast SEO plugin. -->","yoast_head_json":{"title":"Transparencia - HDAdvice","robots":{"index":"index","follow":"follow","max-snippet":"max-snippet:-1","max-image-preview":"max-image-preview:large","max-video-preview":"max-video-preview:-1"},"canonical":"https:\/\/hdadvice.cat\/es\/transparencia\/","og_locale":"es_ES","og_type":"article","og_title":"Transparencia - HDAdvice","og_url":"https:\/\/hdadvice.cat\/es\/transparencia\/","og_site_name":"HDAdvice","article_modified_time":"2023-05-22T10:32:18+00:00","twitter_card":"summary_large_image","twitter_misc":{"Tiempo de lectura":"25 minutos"},"schema":{"@context":"https:\/\/schema.org","@graph":[{"@type":"WebPage","@id":"https:\/\/hdadvice.cat\/es\/transparencia\/","url":"https:\/\/hdadvice.cat\/es\/transparencia\/","name":"Transparencia - HDAdvice","isPartOf":{"@id":"https:\/\/hdadvice.cat\/#website"},"datePublished":"2023-05-22T08:30:52+00:00","dateModified":"2023-05-22T10:32:18+00:00","breadcrumb":{"@id":"https:\/\/hdadvice.cat\/es\/transparencia\/#breadcrumb"},"inLanguage":"es","potentialAction":[{"@type":"ReadAction","target":["https:\/\/hdadvice.cat\/es\/transparencia\/"]}]},{"@type":"BreadcrumbList","@id":"https:\/\/hdadvice.cat\/es\/transparencia\/#breadcrumb","itemListElement":[{"@type":"ListItem","position":1,"name":"Inici","item":"https:\/\/hdadvice.cat\/es\/inicio\/"},{"@type":"ListItem","position":2,"name":"Transparencia"}]},{"@type":"WebSite","@id":"https:\/\/hdadvice.cat\/#website","url":"https:\/\/hdadvice.cat\/","name":"HDAdvice","description":"Transpar\u00e8ncia i ocupaci\u00f3 pel vostre ajuntament","potentialAction":[{"@type":"SearchAction","target":{"@type":"EntryPoint","urlTemplate":"https:\/\/hdadvice.cat\/?s={search_term_string}"},"query-input":{"@type":"PropertyValueSpecification","valueRequired":true,"valueName":"search_term_string"}}],"inLanguage":"es"}]}},"_links":{"self":[{"href":"https:\/\/hdadvice.cat\/es\/wp-json\/wp\/v2\/pages\/528","targetHints":{"allow":["GET"]}}],"collection":[{"href":"https:\/\/hdadvice.cat\/es\/wp-json\/wp\/v2\/pages"}],"about":[{"href":"https:\/\/hdadvice.cat\/es\/wp-json\/wp\/v2\/types\/page"}],"author":[{"embeddable":true,"href":"https:\/\/hdadvice.cat\/es\/wp-json\/wp\/v2\/users\/3"}],"replies":[{"embeddable":true,"href":"https:\/\/hdadvice.cat\/es\/wp-json\/wp\/v2\/comments?post=528"}],"version-history":[{"count":3,"href":"https:\/\/hdadvice.cat\/es\/wp-json\/wp\/v2\/pages\/528\/revisions"}],"predecessor-version":[{"id":584,"href":"https:\/\/hdadvice.cat\/es\/wp-json\/wp\/v2\/pages\/528\/revisions\/584"}],"wp:attachment":[{"href":"https:\/\/hdadvice.cat\/es\/wp-json\/wp\/v2\/media?parent=528"}],"curies":[{"name":"wp","href":"https:\/\/api.w.org\/{rel}","templated":true}]}}