{"id":551,"date":"2023-05-22T08:48:51","date_gmt":"2023-05-22T08:48:51","guid":{"rendered":"https:\/\/hdadvice.cat\/?page_id=551"},"modified":"2023-05-22T10:45:15","modified_gmt":"2023-05-22T10:45:15","slug":"declaracion-de-accesibilidad","status":"publish","type":"page","link":"https:\/\/hdadvice.cat\/es\/declaracion-de-accesibilidad\/","title":{"rendered":"Declaraci\u00f3n de accesibilidad"},"content":{"rendered":"<div  class='flex_column av-av_one_full-7714eba142aeda1f8b5272a3c372b279 av_one_full  avia-builder-el-0  avia-builder-el-no-sibling  first flex_column_div  '     ><p>\n<style type=\"text\/css\" data-created_by=\"avia_inline_auto\" id=\"style-css-av-lhylu628-3da557e56cef81d6e8732dff4d1d8069\">\n#top .av-special-heading.av-lhylu628-3da557e56cef81d6e8732dff4d1d8069{\npadding-bottom:10px;\n}\nbody .av-special-heading.av-lhylu628-3da557e56cef81d6e8732dff4d1d8069 .av-special-heading-tag .heading-char{\nfont-size:25px;\n}\n.av-special-heading.av-lhylu628-3da557e56cef81d6e8732dff4d1d8069 .av-subheading{\nfont-size:15px;\n}\n<\/style>\n<div  class='av-special-heading av-lhylu628-3da557e56cef81d6e8732dff4d1d8069 av-special-heading-h1  avia-builder-el-1  el_before_av_textblock  avia-builder-el-first '><h1 class='av-special-heading-tag '  itemprop=\"headline\"  >Declaraci\u00f3n de accesibilidad<\/h1><div class=\"special-heading-border\"><div class=\"special-heading-inner-border\"><\/div><\/div><\/div><br \/>\n<section  class='av_textblock_section av-lhyluka6-913e9706a28409c9a5f76d4f298db7ef '   itemscope=\"itemscope\" itemtype=\"https:\/\/schema.org\/CreativeWork\" ><div class='avia_textblock'  itemprop=\"text\" ><p>Helena Dorca Arau se compromete en hacer accesible su sitio web de conformidad con el \u00a0<a href=\"https:\/\/www.boe.es\/eli\/es\/rd\/2018\/09\/07\/1112\">Real Decreto 1112\/2018<\/a>, de 7 de septiembre, sobre accesibilidad de los sitios web y aplicaciones para dispositivos m\u00f3viles del sector p\u00fablico.<\/p>\n<p>La presente declaraci\u00f3n de accesibilidad se aplica al presente sitio web.<\/p>\n<h2>Situaci\u00f3n de cumplimiento<\/h2>\n<p>Este sitio web es plenamente conforme con el RD 1112\/2018.<\/p>\n<h2>Contenido no accesible<\/h2>\n<p>El contenido que se recoge a continuaci\u00f3n no es accesible por lo siguiente:<\/p>\n<p><strong>Falta de conformidad con el RD 1112\/2018<\/strong><\/p>\n<p>Se puede encontrar a\u00fan anidamientos incorrectos de etiquetas.<\/p>\n<p>Podr\u00edan existir fallos puntuales de edici\u00f3n en la p\u00e1gina web.<\/p>\n<p><strong>Carga desproporcionada<\/strong><\/p>\n<p>No aplica.<\/p>\n<h2>Preparaci\u00f3n de la presente declaraci\u00f3n de accesibilidad<\/h2>\n<p>La presente declaraci\u00f3n fue preparada el 05 de Mayo de 2023.<\/p>\n<p>El m\u00e9todo empleado para preparar la declaraci\u00f3n ha sido una autoevaluaci\u00f3n llevada a cabo por la propia empresa.<\/p>\n<h2>Observaciones y datos de contacto<\/h2>\n<p>Puede realizar comunicaciones sobre requisitos de accesibilidad (art\u00edculo 10.2.a) del RD 1112\/2018) como por ejemplo:<\/p>\n<ul>\n<li>Informar sobre cualquier posible incumplimiento por parte de este sitio web.<\/li>\n<li>Transmitir otras dificultades de acceso al contenido.<\/li>\n<li>Formular cualquier otra consulta o sugerencia de mejora relativa a la accesibilidad del sitio web.<\/li>\n<\/ul>\n<p>A trav\u00e9s de nuestro formulario de contacto, por tel\u00e9fono o de manera presencial en nuestra sede.<\/p>\n<p>Las comunicaciones, quejas y solicitudes de informaci\u00f3n accesible ser\u00e1n recibidas y tratadas por nuestro equipo.<\/p>\n<\/div><\/section><\/p><\/div>\n","protected":false},"excerpt":{"rendered":"","protected":false},"author":3,"featured_media":0,"parent":0,"menu_order":0,"comment_status":"closed","ping_status":"closed","template":"","meta":{"footnotes":""},"class_list":["post-551","page","type-page","status-publish","hentry"],"yoast_head":"<!-- This site is optimized with the Yoast SEO plugin v27.2 - https:\/\/yoast.com\/product\/yoast-seo-wordpress\/ -->\n<title>Declaraci\u00f3n de accesibilidad - HDAdvice<\/title>\n<meta name=\"robots\" content=\"index, follow, max-snippet:-1, max-image-preview:large, max-video-preview:-1\" \/>\n<link rel=\"canonical\" href=\"https:\/\/hdadvice.cat\/es\/declaracion-de-accesibilidad\/\" \/>\n<meta property=\"og:locale\" content=\"es_ES\" \/>\n<meta property=\"og:type\" content=\"article\" \/>\n<meta property=\"og:title\" content=\"Declaraci\u00f3n de accesibilidad - HDAdvice\" \/>\n<meta property=\"og:url\" content=\"https:\/\/hdadvice.cat\/es\/declaracion-de-accesibilidad\/\" \/>\n<meta property=\"og:site_name\" content=\"HDAdvice\" \/>\n<meta property=\"article:modified_time\" content=\"2023-05-22T10:45:15+00:00\" \/>\n<meta name=\"twitter:card\" content=\"summary_large_image\" \/>\n<meta name=\"twitter:label1\" content=\"Tiempo de lectura\" \/>\n\t<meta name=\"twitter:data1\" content=\"3 minutos\" \/>\n<script type=\"application\/ld+json\" class=\"yoast-schema-graph\">{\"@context\":\"https:\/\/schema.org\",\"@graph\":[{\"@type\":\"WebPage\",\"@id\":\"https:\/\/hdadvice.cat\/es\/declaracion-de-accesibilidad\/\",\"url\":\"https:\/\/hdadvice.cat\/es\/declaracion-de-accesibilidad\/\",\"name\":\"Declaraci\u00f3n de accesibilidad - HDAdvice\",\"isPartOf\":{\"@id\":\"https:\/\/hdadvice.cat\/#website\"},\"datePublished\":\"2023-05-22T08:48:51+00:00\",\"dateModified\":\"2023-05-22T10:45:15+00:00\",\"breadcrumb\":{\"@id\":\"https:\/\/hdadvice.cat\/es\/declaracion-de-accesibilidad\/#breadcrumb\"},\"inLanguage\":\"es\",\"potentialAction\":[{\"@type\":\"ReadAction\",\"target\":[\"https:\/\/hdadvice.cat\/es\/declaracion-de-accesibilidad\/\"]}]},{\"@type\":\"BreadcrumbList\",\"@id\":\"https:\/\/hdadvice.cat\/es\/declaracion-de-accesibilidad\/#breadcrumb\",\"itemListElement\":[{\"@type\":\"ListItem\",\"position\":1,\"name\":\"Inici\",\"item\":\"https:\/\/hdadvice.cat\/es\/inicio\/\"},{\"@type\":\"ListItem\",\"position\":2,\"name\":\"Declaraci\u00f3n de accesibilidad\"}]},{\"@type\":\"WebSite\",\"@id\":\"https:\/\/hdadvice.cat\/#website\",\"url\":\"https:\/\/hdadvice.cat\/\",\"name\":\"HDAdvice\",\"description\":\"Transpar\u00e8ncia i ocupaci\u00f3 pel vostre ajuntament\",\"potentialAction\":[{\"@type\":\"SearchAction\",\"target\":{\"@type\":\"EntryPoint\",\"urlTemplate\":\"https:\/\/hdadvice.cat\/?s={search_term_string}\"},\"query-input\":{\"@type\":\"PropertyValueSpecification\",\"valueRequired\":true,\"valueName\":\"search_term_string\"}}],\"inLanguage\":\"es\"}]}<\/script>\n<!-- \/ Yoast SEO plugin. -->","yoast_head_json":{"title":"Declaraci\u00f3n de accesibilidad - HDAdvice","robots":{"index":"index","follow":"follow","max-snippet":"max-snippet:-1","max-image-preview":"max-image-preview:large","max-video-preview":"max-video-preview:-1"},"canonical":"https:\/\/hdadvice.cat\/es\/declaracion-de-accesibilidad\/","og_locale":"es_ES","og_type":"article","og_title":"Declaraci\u00f3n de accesibilidad - HDAdvice","og_url":"https:\/\/hdadvice.cat\/es\/declaracion-de-accesibilidad\/","og_site_name":"HDAdvice","article_modified_time":"2023-05-22T10:45:15+00:00","twitter_card":"summary_large_image","twitter_misc":{"Tiempo de lectura":"3 minutos"},"schema":{"@context":"https:\/\/schema.org","@graph":[{"@type":"WebPage","@id":"https:\/\/hdadvice.cat\/es\/declaracion-de-accesibilidad\/","url":"https:\/\/hdadvice.cat\/es\/declaracion-de-accesibilidad\/","name":"Declaraci\u00f3n de accesibilidad - HDAdvice","isPartOf":{"@id":"https:\/\/hdadvice.cat\/#website"},"datePublished":"2023-05-22T08:48:51+00:00","dateModified":"2023-05-22T10:45:15+00:00","breadcrumb":{"@id":"https:\/\/hdadvice.cat\/es\/declaracion-de-accesibilidad\/#breadcrumb"},"inLanguage":"es","potentialAction":[{"@type":"ReadAction","target":["https:\/\/hdadvice.cat\/es\/declaracion-de-accesibilidad\/"]}]},{"@type":"BreadcrumbList","@id":"https:\/\/hdadvice.cat\/es\/declaracion-de-accesibilidad\/#breadcrumb","itemListElement":[{"@type":"ListItem","position":1,"name":"Inici","item":"https:\/\/hdadvice.cat\/es\/inicio\/"},{"@type":"ListItem","position":2,"name":"Declaraci\u00f3n de accesibilidad"}]},{"@type":"WebSite","@id":"https:\/\/hdadvice.cat\/#website","url":"https:\/\/hdadvice.cat\/","name":"HDAdvice","description":"Transpar\u00e8ncia i ocupaci\u00f3 pel vostre ajuntament","potentialAction":[{"@type":"SearchAction","target":{"@type":"EntryPoint","urlTemplate":"https:\/\/hdadvice.cat\/?s={search_term_string}"},"query-input":{"@type":"PropertyValueSpecification","valueRequired":true,"valueName":"search_term_string"}}],"inLanguage":"es"}]}},"_links":{"self":[{"href":"https:\/\/hdadvice.cat\/es\/wp-json\/wp\/v2\/pages\/551","targetHints":{"allow":["GET"]}}],"collection":[{"href":"https:\/\/hdadvice.cat\/es\/wp-json\/wp\/v2\/pages"}],"about":[{"href":"https:\/\/hdadvice.cat\/es\/wp-json\/wp\/v2\/types\/page"}],"author":[{"embeddable":true,"href":"https:\/\/hdadvice.cat\/es\/wp-json\/wp\/v2\/users\/3"}],"replies":[{"embeddable":true,"href":"https:\/\/hdadvice.cat\/es\/wp-json\/wp\/v2\/comments?post=551"}],"version-history":[{"count":4,"href":"https:\/\/hdadvice.cat\/es\/wp-json\/wp\/v2\/pages\/551\/revisions"}],"predecessor-version":[{"id":598,"href":"https:\/\/hdadvice.cat\/es\/wp-json\/wp\/v2\/pages\/551\/revisions\/598"}],"wp:attachment":[{"href":"https:\/\/hdadvice.cat\/es\/wp-json\/wp\/v2\/media?parent=551"}],"curies":[{"name":"wp","href":"https:\/\/api.w.org\/{rel}","templated":true}]}}