{"id":562,"date":"2023-05-22T08:54:37","date_gmt":"2023-05-22T08:54:37","guid":{"rendered":"https:\/\/hdadvice.cat\/?page_id=562"},"modified":"2023-05-22T12:12:49","modified_gmt":"2023-05-22T12:12:49","slug":"politica-de-cookies","status":"publish","type":"page","link":"https:\/\/hdadvice.cat\/es\/politica-de-cookies\/","title":{"rendered":"Pol\u00edtica de cookies"},"content":{"rendered":"<h3>\u00bfQu\u00e9 son las cookies?<\/h3>\n<p>Una cookie es un archivo que se descarga en su ordenador al acceder a determinadas p\u00e1ginas web. Las cookies permiten a una p\u00e1gina web, entre otras cosas, almacenar y recuperar informaci\u00f3n sobre h\u00e1bitos de navegaci\u00f3n de un usuario o de su equipo y, dependiendo de la informaci\u00f3n que contengan y de la forma que utilice su equipo, se pueden utilizar para reconocer al usuario.<\/p>\n<h3>Para qu\u00e9 utiliza las cookies esta p\u00e1gina web y cu\u00e1les son?<\/h3>\n<p>Esta p\u00e1gina web utiliza las cookies para una serie de finalidades, el detalle de las cookies utilizadas en esta p\u00e1gina web es el siguiente:<\/p>\n<table width=\"657\">\n<tbody>\n<tr>\n<td width=\"68\"><strong>cookies<\/strong><\/td>\n<td width=\"67\"><strong>nombre<\/strong><\/td>\n<td width=\"55\"><strong>tipo<\/strong><\/td>\n<td width=\"323\"><strong>prop\u00f3sito<\/strong><\/td>\n<td width=\"143\"><strong>m\u00e1s informaci\u00f3n<\/strong><\/td>\n<\/tr>\n<tr>\n<td width=\"68\">_ga<\/td>\n<td width=\"67\">Google Analytics<\/td>\n<td width=\"55\">de terceros<\/td>\n<td width=\"323\">Este nombre de la cookie est\u00e1 asociado con Google Universal Analytics, que es una actualizaci\u00f3n significativa del servicio de an\u00e1lisis de Google m\u00e1s utilizado. Esta cookie se utiliza para distinguir usuarios \u00fanicos asignando un n\u00famero generado aleatoriamente como identificador del cliente. Se incluye en cada solicitud de p\u00e1gina de un sitio y se utiliza para calcular los datos de visitantes, sesiones y campa\u00f1as para los informes de an\u00e1lisis. De manera predeterminada, esta caducar\u00e1 despu\u00e9s de 2 a\u00f1os, aunque esta sea personalizable por los propietarios del sitio web.<\/td>\n<td width=\"143\"><a href=\"https:\/\/marketingplatform.google.com\/about\/analytics\/\">https:\/\/marketingplatform.google.com\/about\/analytics\/<\/a><\/p>\n<p>&nbsp;<\/td>\n<\/tr>\n<tr>\n<td width=\"68\">_gid<\/p>\n<p>&nbsp;<\/td>\n<td width=\"67\">Google Analytics<\/td>\n<td width=\"55\">de terceros<\/td>\n<td width=\"323\">Este nombre de la cookie est\u00e1 asociado con Google Universal Analytics. Esta es una nueva cookie que almacena y actualiza un valor \u00fanico para cada p\u00e1gina visitada.<\/td>\n<td width=\"143\"><a href=\"https:\/\/marketingplatform.google.com\/about\/analytics\/\">https:\/\/marketingplatform.google.com\/about\/analytics\/<\/a><\/p>\n<p>&nbsp;<\/td>\n<\/tr>\n<tr>\n<td width=\"68\">_gat<\/p>\n<p>&nbsp;<\/td>\n<td width=\"67\">Google Analytics<\/td>\n<td width=\"55\">de terceros<\/td>\n<td width=\"323\">Cookie asociada a Google Universal Analytics, se utiliza para acelerar el porcentaje de solicitudes, limitando la recopilaci\u00f3n de datos en los lugares de tr\u00e1nsito elevados. Vence despu\u00e9s de 10 minutos.<\/td>\n<td width=\"143\"><a href=\"https:\/\/marketingplatform.google.com\/about\/analytics\/\">https:\/\/marketingplatform.google.com\/about\/analytics\/<\/a><\/p>\n<p>&nbsp;<\/td>\n<\/tr>\n<tr>\n<td width=\"68\">240planD<\/td>\n<td width=\"67\">240planD<\/td>\n<td width=\"55\">propia<\/td>\n<td width=\"323\">Esta es una cookie t\u00e9cnica cuyo uso es espec\u00edfico para nuestro host OVH Roubaix y permite, entre otras cosas, garantizar la distribuci\u00f3n de la carga en servidores.<\/td>\n<td width=\"143\">&nbsp;<\/td>\n<\/tr>\n<tr>\n<td width=\"68\">PHPSESSID<\/p>\n<p>&nbsp;<\/td>\n<td width=\"67\">PHPSESSID<\/p>\n<p>&nbsp;<\/td>\n<td width=\"55\">propia<\/td>\n<td width=\"323\">Cookie generada por aplicaciones basadas en el lenguaje PHP. Este es un identificador de prop\u00f3sito general utilizado para mantener las variables de sesi\u00f3n del usuario. Normalmente es un n\u00famero generado aleatoriamente, la forma en que se utiliza puede ser espec\u00edfica del sitio, un claro ejemplo es el de mantener los datos de un estado de usuario registrado entre p\u00e1ginas.<\/td>\n<td width=\"143\"><a href=\"http:\/\/php.net\/manual\/en\/function.session-id.php\">http:\/\/php.net\/manual\/en\/function.session-id.php<\/a><\/p>\n<p>&nbsp;<\/td>\n<\/tr>\n<tr>\n<td width=\"68\">aviaCookieConsent<\/p>\n<p>&nbsp;<\/td>\n<td width=\"67\">\u00a0aviaCookieConsent<\/td>\n<td width=\"55\">propia<\/td>\n<td width=\"323\">Cookie que almacena la aceptaci\u00f3n o no del usuario a continuar navegando en la p\u00e1gina web.<\/td>\n<td width=\"143\">&nbsp;<\/td>\n<\/tr>\n<tr>\n<td width=\"68\">wordpress_test_cookie<\/td>\n<td width=\"67\">wordpress_test_cookie<\/td>\n<td width=\"55\">propia<\/td>\n<td width=\"323\">Esta cookie se utiliza para que el gestor de contenidos WordPress compruebe si el navegador tiene las cookies activadas<\/td>\n<td width=\"143\">&nbsp;<\/td>\n<\/tr>\n<tr>\n<td width=\"68\">wordpress_logged_in_<\/td>\n<td width=\"67\">wordpress_logged_in_<\/td>\n<td width=\"55\">propia<\/td>\n<td width=\"323\">Despu\u00e9s del loggin, WordPress activa la cookie wordpress_logged_in_, cuya funci\u00f3n es indicar cuando se ha conectado y qui\u00e9n es, siendo utilizado por la interfaz de WordPress.<\/p>\n<p>&nbsp;<\/td>\n<td width=\"143\">&nbsp;<\/td>\n<\/tr>\n<tr>\n<td width=\"68\">wp-settings-time-X, wp-settings-X<\/td>\n<td width=\"67\">wp-settings-time-X, wp-settings-X<\/td>\n<td width=\"55\">propia<\/td>\n<td width=\"323\">Estas cookies son utilizadas por WordPress para personalizar la Interfaz de Usuario.<\/p>\n<p>&nbsp;<\/td>\n<td width=\"143\">&nbsp;<\/td>\n<\/tr>\n<\/tbody>\n<\/table>\n<p>&nbsp;<\/p>\n<p>Nota: Las cookies de tipo &#8216;propias&#8217; son utilizadas s\u00f3lo por el propietario de esta web y las cookies &#8216;De terceros&#8217; son utilizadas, por el prestador del servicio que est\u00e1 detallado en el cuadro anterior.<\/p>\n<h3>\u00bfC\u00f3mo puedo desactivar o eliminar estas cookies?<\/h3>\n<p>Puede usted permitir, bloquear o eliminar las cookies instaladas en su equipo mediante la configuraci\u00f3n de las opciones del navegador en su ordenador:<\/p>\n<ul>\n<li>Firefox: <a href=\"http:\/\/support.mozilla.org\/es\/kb\/habilitar-y-deshabilitar-cookies-que-los-sitios-we\">http:\/\/support.mozilla.org\/es\/kb\/habilitar-y-deshabilitar-cookies-que-los-sitios-we<\/a><\/li>\n<li>Chrome: <a href=\"http:\/\/support.google.com\/chrome\/bin\/answer.py?hl=es&amp;answer=95647\">http:\/\/support.google.com\/chrome\/bin\/answer.py?hl=es&amp;answer=95647<\/a><\/li>\n<li>Explorer: <a href=\"http:\/\/windows.microsoft.com\/es-es\/windows7\/how-to-manage-cookies-in-internet-explorer-9\">http:\/\/windows.microsoft.com\/es-es\/windows7\/how-to-manage-cookies-in-internet-explorer-9<\/a><\/li>\n<li>Safari: <a href=\"http:\/\/support.apple.com\/kb\/ph5042\">http:\/\/support.apple.com\/kb\/ph5042<\/a><\/li>\n<li>Opera: <a href=\"https:\/\/www.opera.com\/help\/tutorials\/security\/privacy\">https:\/\/www.opera.com\/help\/tutorials\/security\/privacy<\/a><\/li>\n<li>Otros navegadores: Consulte la documentaci\u00f3n del navegador que tenga instalado.<\/li>\n<\/ul>\n<h3>Complemento de inhabilitaci\u00f3n para navegadores de Google Analytics<\/h3>\n<p>Si desea rechazar las cookies anal\u00edticas de Google Analytics en todos los navegadores, por lo que no se env\u00ede informaci\u00f3n suya en Google Analytics, puede descargar un complemento que realiza esta funci\u00f3n desde este enlace: <a href=\"https:\/\/tools.google.com\/dlpage\/gaoptout\">https:\/\/tools.google.com\/dlpage\/gaoptout<\/a>.<\/p>\n","protected":false},"excerpt":{"rendered":"<p>\u00bfQu\u00e9 son las cookies? Una cookie es un archivo que se descarga en su ordenador al acceder a determinadas p\u00e1ginas web. Las cookies permiten a una p\u00e1gina web, entre otras cosas, almacenar y recuperar informaci\u00f3n sobre h\u00e1bitos de navegaci\u00f3n de un usuario o de su equipo y, dependiendo de la informaci\u00f3n que contengan y de [&hellip;]<\/p>\n","protected":false},"author":3,"featured_media":0,"parent":0,"menu_order":0,"comment_status":"closed","ping_status":"closed","template":"","meta":{"footnotes":""},"class_list":["post-562","page","type-page","status-publish","hentry"],"yoast_head":"<!-- This site is optimized with the Yoast SEO plugin v27.2 - https:\/\/yoast.com\/product\/yoast-seo-wordpress\/ -->\n<title>Pol\u00edtica de cookies - HDAdvice<\/title>\n<meta name=\"robots\" content=\"index, follow, max-snippet:-1, max-image-preview:large, max-video-preview:-1\" \/>\n<link rel=\"canonical\" href=\"https:\/\/hdadvice.cat\/es\/politica-de-cookies\/\" \/>\n<meta property=\"og:locale\" content=\"es_ES\" \/>\n<meta property=\"og:type\" content=\"article\" \/>\n<meta property=\"og:title\" content=\"Pol\u00edtica de cookies - HDAdvice\" \/>\n<meta property=\"og:description\" content=\"\u00bfQu\u00e9 son las cookies? Una cookie es un archivo que se descarga en su ordenador al acceder a determinadas p\u00e1ginas web. Las cookies permiten a una p\u00e1gina web, entre otras cosas, almacenar y recuperar informaci\u00f3n sobre h\u00e1bitos de navegaci\u00f3n de un usuario o de su equipo y, dependiendo de la informaci\u00f3n que contengan y de [&hellip;]\" \/>\n<meta property=\"og:url\" content=\"https:\/\/hdadvice.cat\/es\/politica-de-cookies\/\" \/>\n<meta property=\"og:site_name\" content=\"HDAdvice\" \/>\n<meta property=\"article:modified_time\" content=\"2023-05-22T12:12:49+00:00\" \/>\n<meta name=\"twitter:card\" content=\"summary_large_image\" \/>\n<meta name=\"twitter:label1\" content=\"Tiempo de lectura\" \/>\n\t<meta name=\"twitter:data1\" content=\"4 minutos\" \/>\n<script type=\"application\/ld+json\" class=\"yoast-schema-graph\">{\"@context\":\"https:\/\/schema.org\",\"@graph\":[{\"@type\":\"WebPage\",\"@id\":\"https:\/\/hdadvice.cat\/es\/politica-de-cookies\/\",\"url\":\"https:\/\/hdadvice.cat\/es\/politica-de-cookies\/\",\"name\":\"Pol\u00edtica de cookies - HDAdvice\",\"isPartOf\":{\"@id\":\"https:\/\/hdadvice.cat\/#website\"},\"datePublished\":\"2023-05-22T08:54:37+00:00\",\"dateModified\":\"2023-05-22T12:12:49+00:00\",\"breadcrumb\":{\"@id\":\"https:\/\/hdadvice.cat\/es\/politica-de-cookies\/#breadcrumb\"},\"inLanguage\":\"es\",\"potentialAction\":[{\"@type\":\"ReadAction\",\"target\":[\"https:\/\/hdadvice.cat\/es\/politica-de-cookies\/\"]}]},{\"@type\":\"BreadcrumbList\",\"@id\":\"https:\/\/hdadvice.cat\/es\/politica-de-cookies\/#breadcrumb\",\"itemListElement\":[{\"@type\":\"ListItem\",\"position\":1,\"name\":\"Inici\",\"item\":\"https:\/\/hdadvice.cat\/es\/inicio\/\"},{\"@type\":\"ListItem\",\"position\":2,\"name\":\"Pol\u00edtica de cookies\"}]},{\"@type\":\"WebSite\",\"@id\":\"https:\/\/hdadvice.cat\/#website\",\"url\":\"https:\/\/hdadvice.cat\/\",\"name\":\"HDAdvice\",\"description\":\"Transpar\u00e8ncia i ocupaci\u00f3 pel vostre ajuntament\",\"potentialAction\":[{\"@type\":\"SearchAction\",\"target\":{\"@type\":\"EntryPoint\",\"urlTemplate\":\"https:\/\/hdadvice.cat\/?s={search_term_string}\"},\"query-input\":{\"@type\":\"PropertyValueSpecification\",\"valueRequired\":true,\"valueName\":\"search_term_string\"}}],\"inLanguage\":\"es\"}]}<\/script>\n<!-- \/ Yoast SEO plugin. -->","yoast_head_json":{"title":"Pol\u00edtica de cookies - HDAdvice","robots":{"index":"index","follow":"follow","max-snippet":"max-snippet:-1","max-image-preview":"max-image-preview:large","max-video-preview":"max-video-preview:-1"},"canonical":"https:\/\/hdadvice.cat\/es\/politica-de-cookies\/","og_locale":"es_ES","og_type":"article","og_title":"Pol\u00edtica de cookies - HDAdvice","og_description":"\u00bfQu\u00e9 son las cookies? Una cookie es un archivo que se descarga en su ordenador al acceder a determinadas p\u00e1ginas web. Las cookies permiten a una p\u00e1gina web, entre otras cosas, almacenar y recuperar informaci\u00f3n sobre h\u00e1bitos de navegaci\u00f3n de un usuario o de su equipo y, dependiendo de la informaci\u00f3n que contengan y de [&hellip;]","og_url":"https:\/\/hdadvice.cat\/es\/politica-de-cookies\/","og_site_name":"HDAdvice","article_modified_time":"2023-05-22T12:12:49+00:00","twitter_card":"summary_large_image","twitter_misc":{"Tiempo de lectura":"4 minutos"},"schema":{"@context":"https:\/\/schema.org","@graph":[{"@type":"WebPage","@id":"https:\/\/hdadvice.cat\/es\/politica-de-cookies\/","url":"https:\/\/hdadvice.cat\/es\/politica-de-cookies\/","name":"Pol\u00edtica de cookies - HDAdvice","isPartOf":{"@id":"https:\/\/hdadvice.cat\/#website"},"datePublished":"2023-05-22T08:54:37+00:00","dateModified":"2023-05-22T12:12:49+00:00","breadcrumb":{"@id":"https:\/\/hdadvice.cat\/es\/politica-de-cookies\/#breadcrumb"},"inLanguage":"es","potentialAction":[{"@type":"ReadAction","target":["https:\/\/hdadvice.cat\/es\/politica-de-cookies\/"]}]},{"@type":"BreadcrumbList","@id":"https:\/\/hdadvice.cat\/es\/politica-de-cookies\/#breadcrumb","itemListElement":[{"@type":"ListItem","position":1,"name":"Inici","item":"https:\/\/hdadvice.cat\/es\/inicio\/"},{"@type":"ListItem","position":2,"name":"Pol\u00edtica de cookies"}]},{"@type":"WebSite","@id":"https:\/\/hdadvice.cat\/#website","url":"https:\/\/hdadvice.cat\/","name":"HDAdvice","description":"Transpar\u00e8ncia i ocupaci\u00f3 pel vostre ajuntament","potentialAction":[{"@type":"SearchAction","target":{"@type":"EntryPoint","urlTemplate":"https:\/\/hdadvice.cat\/?s={search_term_string}"},"query-input":{"@type":"PropertyValueSpecification","valueRequired":true,"valueName":"search_term_string"}}],"inLanguage":"es"}]}},"_links":{"self":[{"href":"https:\/\/hdadvice.cat\/es\/wp-json\/wp\/v2\/pages\/562","targetHints":{"allow":["GET"]}}],"collection":[{"href":"https:\/\/hdadvice.cat\/es\/wp-json\/wp\/v2\/pages"}],"about":[{"href":"https:\/\/hdadvice.cat\/es\/wp-json\/wp\/v2\/types\/page"}],"author":[{"embeddable":true,"href":"https:\/\/hdadvice.cat\/es\/wp-json\/wp\/v2\/users\/3"}],"replies":[{"embeddable":true,"href":"https:\/\/hdadvice.cat\/es\/wp-json\/wp\/v2\/comments?post=562"}],"version-history":[{"count":3,"href":"https:\/\/hdadvice.cat\/es\/wp-json\/wp\/v2\/pages\/562\/revisions"}],"predecessor-version":[{"id":604,"href":"https:\/\/hdadvice.cat\/es\/wp-json\/wp\/v2\/pages\/562\/revisions\/604"}],"wp:attachment":[{"href":"https:\/\/hdadvice.cat\/es\/wp-json\/wp\/v2\/media?parent=562"}],"curies":[{"name":"wp","href":"https:\/\/api.w.org\/{rel}","templated":true}]}}